


{"id":2495,"date":"2017-02-08T13:51:21","date_gmt":"2017-02-08T12:51:21","guid":{"rendered":"http:\/\/kpv-solar.graz4u.at\/de\/?page_id=2495"},"modified":"2023-07-06T16:52:18","modified_gmt":"2023-07-06T14:52:18","slug":"bildergalerie","status":"publish","type":"page","link":"https:\/\/kpv-solar.com\/de\/bildergalerie\/","title":{"rendered":"Bildergalerie"},"content":{"rendered":"<p>[et_pb_section fb_built=&#8220;1&#8243; specialty=&#8220;on&#8220; _builder_version=&#8220;3.22&#8243;][et_pb_column type=&#8220;2_3&#8243; specialty_columns=&#8220;2&#8243; _builder_version=&#8220;3.25&#8243; custom_padding=&#8220;|||&#8220; custom_padding__hover=&#8220;|||&#8220;][et_pb_row_inner admin_label=&#8220;Row&#8220; _builder_version=&#8220;3.25&#8243;][et_pb_column_inner saved_specialty_column_type=&#8220;2_3&#8243; _builder_version=&#8220;3.25&#8243; custom_padding=&#8220;|||&#8220; custom_padding__hover=&#8220;|||&#8220;][et_pb_text _builder_version=&#8220;4.9.9&#8243; module_alignment=&#8220;left&#8220; hover_enabled=&#8220;0&#8243; use_border_color=&#8220;off&#8220; border_color=&#8220;#ffffff&#8220; border_style=&#8220;solid&#8220; sticky_enabled=&#8220;0&#8243;]<\/p>\n<h1>BILDERGALERIE<\/h1>\n<p>[\/et_pb_text][et_pb_divider color=&#8220;#8fbf1f&#8220; admin_label=&#8220;Divider Line&#8220; _builder_version=&#8220;4.4.3&#8243; max_width=&#8220;25%&#8220; height=&#8220;0px&#8220; saved_tabs=&#8220;all&#8220;][\/et_pb_divider][\/et_pb_column_inner][\/et_pb_row_inner][et_pb_row_inner admin_label=&#8220;Row&#8220; _builder_version=&#8220;3.25&#8243;][et_pb_column_inner saved_specialty_column_type=&#8220;2_3&#8243; _builder_version=&#8220;3.25&#8243; custom_padding=&#8220;|||&#8220; custom_padding__hover=&#8220;|||&#8220;][et_pb_text admin_label=&#8220;PRESS PHOTOS&#8220; _builder_version=&#8220;3.27.4&#8243; module_alignment=&#8220;left&#8220; use_border_color=&#8220;off&#8220;]<\/p>\n<h3>PRESSEFOTOS<\/h3>\n<p>[\/et_pb_text][et_pb_divider color=&#8220;#8fbf1f&#8220; admin_label=&#8220;Divider Line&#8220; _builder_version=&#8220;4.4.3&#8243; max_width=&#8220;25%&#8220; height=&#8220;0px&#8220; saved_tabs=&#8220;all&#8220;][\/et_pb_divider][\/et_pb_column_inner][\/et_pb_row_inner][et_pb_row_inner column_structure=&#8220;1_2,1_2&#8243; admin_label=&#8220;Row&#8220; _builder_version=&#8220;3.25&#8243;][et_pb_column_inner type=&#8220;1_2&#8243; saved_specialty_column_type=&#8220;2_3&#8243; _builder_version=&#8220;3.25&#8243; custom_padding=&#8220;|||&#8220; custom_padding__hover=&#8220;|||&#8220;][et_pb_image src=&#8220;\/wp-content\/uploads\/2016\/11\/GerhardRabensteiner_600.jpg&#8220; url=&#8220;\/wp-content\/uploads\/2016\/11\/GerhardRabensteiner.jpg&#8220; align_tablet=&#8220;center&#8220; align_phone=&#8220;&#8220; align_last_edited=&#8220;on|desktop&#8220; _builder_version=&#8220;4.4.3&#8243; animation_direction=&#8220;left&#8220; border_style=&#8220;solid&#8220; animation=&#8220;left&#8220; sticky=&#8220;off&#8220; always_center_on_mobile=&#8220;on&#8220;][\/et_pb_image][\/et_pb_column_inner][et_pb_column_inner type=&#8220;1_2&#8243; saved_specialty_column_type=&#8220;2_3&#8243; _builder_version=&#8220;3.25&#8243; custom_padding=&#8220;|||&#8220; custom_padding__hover=&#8220;|||&#8220;][et_pb_image src=&#8220;\/wp-content\/uploads\/2016\/11\/GuenterGrabner_600.jpg&#8220; url=&#8220;\/wp-content\/uploads\/2016\/11\/GuenterGrabner.jpg&#8220; align_tablet=&#8220;center&#8220; align_phone=&#8220;&#8220; align_last_edited=&#8220;on|desktop&#8220; _builder_version=&#8220;4.4.3&#8243; animation_direction=&#8220;left&#8220; border_style=&#8220;solid&#8220; animation=&#8220;left&#8220; sticky=&#8220;off&#8220; always_center_on_mobile=&#8220;on&#8220;][\/et_pb_image][\/et_pb_column_inner][\/et_pb_row_inner][et_pb_row_inner column_structure=&#8220;1_2,1_2&#8243; admin_label=&#8220;Row&#8220; _builder_version=&#8220;3.25&#8243;][et_pb_column_inner type=&#8220;1_2&#8243; saved_specialty_column_type=&#8220;2_3&#8243; _builder_version=&#8220;3.25&#8243; custom_padding=&#8220;|||&#8220; custom_padding__hover=&#8220;|||&#8220;][et_pb_text _builder_version=&#8220;4.4.3&#8243; module_alignment=&#8220;left&#8220; use_border_color=&#8220;off&#8220; border_color=&#8220;#ffffff&#8220; border_style=&#8220;solid&#8220;]<a href=\"\/wp-content\/uploads\/2016\/11\/GerhardRabensteiner.jpg\"><span class=\"icon-download\"><\/span> Pressefoto Gerhard Rabensteiner (3,15 MB)<\/a><br \/>\nGr\u00fcnder und Gesch\u00e4ftsf\u00fchrer[\/et_pb_text][\/et_pb_column_inner][et_pb_column_inner type=&#8220;1_2&#8243; saved_specialty_column_type=&#8220;2_3&#8243; _builder_version=&#8220;3.25&#8243; custom_padding=&#8220;|||&#8220; custom_padding__hover=&#8220;|||&#8220;][et_pb_text _builder_version=&#8220;4.4.3&#8243; module_alignment=&#8220;left&#8220; use_border_color=&#8220;off&#8220; border_color=&#8220;#ffffff&#8220; border_style=&#8220;solid&#8220;]<a href=\"\/wp-content\/uploads\/2016\/11\/GuenterGrabner.jpg\"><span class=\"icon-download\"><\/span> Pressefoto  G\u00fcnter Grabner (3,14 MB)<\/a><br \/>\nPartner und Gesch\u00e4ftsf\u00fchrer[\/et_pb_text][\/et_pb_column_inner][\/et_pb_row_inner][et_pb_row_inner column_structure=&#8220;1_2,1_2&#8243; admin_label=&#8220;Row&#8220; _builder_version=&#8220;3.25&#8243;][et_pb_column_inner type=&#8220;1_2&#8243; saved_specialty_column_type=&#8220;2_3&#8243; _builder_version=&#8220;3.25&#8243; custom_padding=&#8220;|||&#8220; custom_padding__hover=&#8220;|||&#8220;][et_pb_image src=&#8220;\/wp-content\/uploads\/2016\/11\/GrabnerRabensteiner.jpg&#8220; url=&#8220;\/wp-content\/uploads\/2016\/11\/GrabnerRabensteiner.jpg&#8220; align_tablet=&#8220;center&#8220; align_phone=&#8220;&#8220; align_last_edited=&#8220;on|desktop&#8220; _builder_version=&#8220;4.4.3&#8243; animation_direction=&#8220;left&#8220; border_style=&#8220;solid&#8220; animation=&#8220;left&#8220; sticky=&#8220;off&#8220; always_center_on_mobile=&#8220;on&#8220;][\/et_pb_image][\/et_pb_column_inner][et_pb_column_inner type=&#8220;1_2&#8243; saved_specialty_column_type=&#8220;2_3&#8243; _builder_version=&#8220;3.25&#8243; custom_padding=&#8220;|||&#8220; custom_padding__hover=&#8220;|||&#8220;][\/et_pb_column_inner][\/et_pb_row_inner][et_pb_row_inner column_structure=&#8220;1_2,1_2&#8243; admin_label=&#8220;Row&#8220; _builder_version=&#8220;3.25&#8243;][et_pb_column_inner type=&#8220;1_2&#8243; saved_specialty_column_type=&#8220;2_3&#8243; _builder_version=&#8220;3.25&#8243; custom_padding=&#8220;|||&#8220; custom_padding__hover=&#8220;|||&#8220;][et_pb_text _builder_version=&#8220;4.4.3&#8243; module_alignment=&#8220;left&#8220; use_border_color=&#8220;off&#8220; border_color=&#8220;#ffffff&#8220; border_style=&#8220;solid&#8220;]<a href=\"\/wp-content\/uploads\/2016\/11\/GrabnerRabensteiner.jpg\"><span class=\"icon-download\"><\/span> Pressefoto von Gerhard Rabensteiner und G\u00fcnter Grabner (von rechts nach links, 9,96 MB)<\/a>[\/et_pb_text][\/et_pb_column_inner][et_pb_column_inner type=&#8220;1_2&#8243; saved_specialty_column_type=&#8220;2_3&#8243; _builder_version=&#8220;3.25&#8243; custom_padding=&#8220;|||&#8220; custom_padding__hover=&#8220;|||&#8220;][\/et_pb_column_inner][\/et_pb_row_inner][et_pb_row_inner admin_label=&#8220;Row&#8220; _builder_version=&#8220;3.25&#8243;][et_pb_column_inner saved_specialty_column_type=&#8220;2_3&#8243; _builder_version=&#8220;3.25&#8243; custom_padding=&#8220;|||&#8220; custom_padding__hover=&#8220;|||&#8220;][et_pb_text admin_label=&#8220;KPV Solar LOGOS&#8220; _builder_version=&#8220;3.27.4&#8243; module_alignment=&#8220;left&#8220; use_border_color=&#8220;off&#8220;]<\/p>\n<h3>KPV Solar LOGOS<\/h3>\n<p>[\/et_pb_text][et_pb_divider color=&#8220;#8fbf1f&#8220; admin_label=&#8220;Divider Line&#8220; _builder_version=&#8220;4.4.3&#8243; max_width=&#8220;25%&#8220; height=&#8220;0px&#8220; saved_tabs=&#8220;all&#8220;][\/et_pb_divider][\/et_pb_column_inner][\/et_pb_row_inner][et_pb_row_inner column_structure=&#8220;1_2,1_2&#8243; admin_label=&#8220;Row&#8220; _builder_version=&#8220;3.25&#8243;][et_pb_column_inner type=&#8220;1_2&#8243; saved_specialty_column_type=&#8220;2_3&#8243; _builder_version=&#8220;3.25&#8243; custom_padding=&#8220;|||&#8220; custom_padding__hover=&#8220;|||&#8220;][et_pb_image src=&#8220;\/wp-content\/uploads\/2017\/10\/KPV-Solar-Logo.jpg&#8220; url=&#8220;\/wp-content\/uploads\/2017\/02\/Logo_KPV_Solar_2362x1772.jpg&#8220; align_tablet=&#8220;center&#8220; align_phone=&#8220;&#8220; align_last_edited=&#8220;on|desktop&#8220; _builder_version=&#8220;4.4.3&#8243; max_width=&#8220;80%&#8220; animation_direction=&#8220;left&#8220;][\/et_pb_image][\/et_pb_column_inner][et_pb_column_inner type=&#8220;1_2&#8243; saved_specialty_column_type=&#8220;2_3&#8243; _builder_version=&#8220;3.25&#8243; custom_padding=&#8220;|||&#8220; custom_padding__hover=&#8220;|||&#8220;][et_pb_image src=&#8220;\/wp-content\/uploads\/2017\/10\/KPV-Solar-Logo.jpg&#8220; url=&#8220;\/wp-content\/uploads\/2017\/02\/Logo_KPV_Solar_2362x1772.png&#8220; align_tablet=&#8220;center&#8220; align_phone=&#8220;&#8220; align_last_edited=&#8220;on|desktop&#8220; _builder_version=&#8220;4.4.3&#8243; max_width=&#8220;80%&#8220; animation_direction=&#8220;left&#8220;][\/et_pb_image][\/et_pb_column_inner][\/et_pb_row_inner][et_pb_row_inner column_structure=&#8220;1_2,1_2&#8243; admin_label=&#8220;Row&#8220; _builder_version=&#8220;3.25&#8243;][et_pb_column_inner type=&#8220;1_2&#8243; saved_specialty_column_type=&#8220;2_3&#8243; _builder_version=&#8220;3.25&#8243; custom_padding=&#8220;|||&#8220; custom_padding__hover=&#8220;|||&#8220;][et_pb_text _builder_version=&#8220;4.4.3&#8243; module_alignment=&#8220;left&#8220; border_style=&#8220;solid&#8220;]<a href=\"\/wp-content\/uploads\/2017\/02\/Logo_KPV_Solar_2362x1772.jpg\"><span class=\"icon-download\"><\/span> KPV Solar Power Logo JPG (918 KB)<\/a>[\/et_pb_text][\/et_pb_column_inner][et_pb_column_inner type=&#8220;1_2&#8243; saved_specialty_column_type=&#8220;2_3&#8243; _builder_version=&#8220;3.25&#8243; custom_padding=&#8220;|||&#8220; custom_padding__hover=&#8220;|||&#8220;][et_pb_text _builder_version=&#8220;4.4.3&#8243; module_alignment=&#8220;left&#8220; border_style=&#8220;solid&#8220;]<a href=\"\/wp-content\/uploads\/2017\/02\/Logo_KPV_Solar_2362x1772.png\"><span class=\"icon-download\"><\/span> KPV Solar Power Logo PNG Transparent (122 KB)<\/a>[\/et_pb_text][\/et_pb_column_inner][\/et_pb_row_inner][\/et_pb_column][et_pb_column type=&#8220;1_3&#8243; _builder_version=&#8220;3.25&#8243; custom_padding=&#8220;|||&#8220; custom_padding__hover=&#8220;|||&#8220;][et_pb_cta title=&#8220;PRESSEKONTAKT&#8220; button_url=&#8220;mailto:office@kpv-solar.com&#8220; button_text=&#8220;E-Mail versenden &#8230;&#8220; _builder_version=&#8220;3.16&#8243; header_text_align=&#8220;center&#8220; body_text_align=&#8220;center&#8220; button_alignment=&#8220;center&#8220; custom_margin=&#8220;90px|||&#8220; saved_tabs=&#8220;all&#8220; button_text_size__hover_enabled=&#8220;off&#8220; button_one_text_size__hover_enabled=&#8220;off&#8220; button_two_text_size__hover_enabled=&#8220;off&#8220; button_text_color__hover_enabled=&#8220;off&#8220; button_one_text_color__hover_enabled=&#8220;off&#8220; button_two_text_color__hover_enabled=&#8220;off&#8220; button_border_width__hover_enabled=&#8220;off&#8220; button_one_border_width__hover_enabled=&#8220;off&#8220; button_two_border_width__hover_enabled=&#8220;off&#8220; button_border_color__hover_enabled=&#8220;off&#8220; button_one_border_color__hover_enabled=&#8220;off&#8220; button_two_border_color__hover_enabled=&#8220;off&#8220; button_border_radius__hover_enabled=&#8220;off&#8220; button_one_border_radius__hover_enabled=&#8220;off&#8220; button_two_border_radius__hover_enabled=&#8220;off&#8220; button_letter_spacing__hover_enabled=&#8220;off&#8220; button_one_letter_spacing__hover_enabled=&#8220;off&#8220; button_two_letter_spacing__hover_enabled=&#8220;off&#8220; button_bg_color__hover_enabled=&#8220;off&#8220; button_one_bg_color__hover_enabled=&#8220;off&#8220; button_two_bg_color__hover_enabled=&#8220;off&#8220;]Kontaktieren Sie unser B\u00fcro f\u00fcr weitere Presseinformationen.<\/p>\n<p><span class=\"icon_mail_alt\"><\/span> <strong>E-Mail:<\/strong> office@kpv-solar.com <\/p>\n<p><span class=\"icon_phone\"><\/span> <strong>Telefon: <\/strong>+43 (0) 463 \/ 218073 \u2013 23<br \/>\n[\/et_pb_cta][et_pb_divider show_divider=&#8220;off&#8220; _builder_version=&#8220;3.2&#8243;][\/et_pb_divider][et_pb_image src=&#8220;\/wp-content\/uploads\/2017\/10\/favicon_grey.png&#8220; align=&#8220;center&#8220; align_tablet=&#8220;center&#8220; align_phone=&#8220;&#8220; align_last_edited=&#8220;on|desktop&#8220; _builder_version=&#8220;4.4.3&#8243; max_width=&#8220;50%&#8220; border_style=&#8220;solid&#8220; always_center_on_mobile=&#8220;on&#8220;][\/et_pb_image][\/et_pb_column][\/et_pb_section]<\/p>\n","protected":false},"excerpt":{"rendered":"<p>BILDERGALERIE PRESSEFOTOS Pressefoto Gerhard Rabensteiner (3,15 MB) Gr\u00fcnder und Gesch\u00e4ftsf\u00fchrer Pressefoto G\u00fcnter Grabner (3,14 MB) Partner und Gesch\u00e4ftsf\u00fchrer Pressefoto von Gerhard Rabensteiner und G\u00fcnter Grabner (von rechts nach links, 9,96 MB)KPV Solar LOGOS KPV Solar Power Logo JPG (918 KB) KPV Solar Power Logo PNG Transparent (122 KB)Kontaktieren Sie unser B\u00fcro f\u00fcr weitere Presseinformationen. E-Mail: [&hellip;]<\/p>\n","protected":false},"author":2,"featured_media":0,"parent":0,"menu_order":0,"comment_status":"closed","ping_status":"closed","template":"","meta":{"_et_pb_use_builder":"on","_et_pb_old_content":"","_et_gb_content_width":"","footnotes":""},"class_list":["post-2495","page","type-page","status-publish","hentry"],"_links":{"self":[{"href":"https:\/\/kpv-solar.com\/de\/wp-json\/wp\/v2\/pages\/2495","targetHints":{"allow":["GET"]}}],"collection":[{"href":"https:\/\/kpv-solar.com\/de\/wp-json\/wp\/v2\/pages"}],"about":[{"href":"https:\/\/kpv-solar.com\/de\/wp-json\/wp\/v2\/types\/page"}],"author":[{"embeddable":true,"href":"https:\/\/kpv-solar.com\/de\/wp-json\/wp\/v2\/users\/2"}],"replies":[{"embeddable":true,"href":"https:\/\/kpv-solar.com\/de\/wp-json\/wp\/v2\/comments?post=2495"}],"version-history":[{"count":17,"href":"https:\/\/kpv-solar.com\/de\/wp-json\/wp\/v2\/pages\/2495\/revisions"}],"predecessor-version":[{"id":4718,"href":"https:\/\/kpv-solar.com\/de\/wp-json\/wp\/v2\/pages\/2495\/revisions\/4718"}],"wp:attachment":[{"href":"https:\/\/kpv-solar.com\/de\/wp-json\/wp\/v2\/media?parent=2495"}],"curies":[{"name":"wp","href":"https:\/\/api.w.org\/{rel}","templated":true}]}}