


{"id":270,"date":"2016-03-11T11:15:55","date_gmt":"2016-03-11T10:15:55","guid":{"rendered":"http:\/\/neu.pv-invest.com\/?page_id=270"},"modified":"2020-04-17T08:57:51","modified_gmt":"2020-04-17T06:57:51","slug":"guenter-grabner","status":"publish","type":"page","link":"https:\/\/kpv-solar.com\/de\/management\/guenter-grabner\/","title":{"rendered":"G\u00fcnter Grabner"},"content":{"rendered":"<p>[et_pb_section fb_built=&#8220;1&#8243; fullwidth=&#8220;on&#8220; _builder_version=&#8220;3.22&#8243; background_color=&#8220;#ffffff&#8220;][et_pb_fullwidth_header title=&#8220; &#8220; subhead=&#8220; &#8220; text_orientation=&#8220;center&#8220; background_overlay_color=&#8220;rgba(0,0,0,0)&#8220; _builder_version=&#8220;4.4.3&#8243; title_font=&#8220;|||on|||||&#8220; title_text_align=&#8220;center&#8220; title_font_size=&#8220;60px&#8220; title_line_height=&#8220;1.5em&#8220; content_text_align=&#8220;center&#8220; subhead_text_align=&#8220;center&#8220; subhead_font_size=&#8220;24px&#8220; subhead_line_height=&#8220;1.7em&#8220; background_image=&#8220;\/wp-content\/uploads\/2016\/03\/guenter-grabner1.jpg&#8220; custom_padding=&#8220;10%||10%|&#8220; hover_enabled=&#8220;0&#8243; title_font_size_tablet=&#8220;40px&#8220; title_font_size_phone=&#8220;&#8220; title_font_size_last_edited=&#8220;on|tablet&#8220; subhead_font_size_tablet=&#8220;18px&#8220; subhead_font_size_phone=&#8220;&#8220; subhead_font_size_last_edited=&#8220;on|tablet&#8220; button_one_text_size__hover_enabled=&#8220;off&#8220; button_two_text_size__hover_enabled=&#8220;off&#8220; button_one_text_color__hover_enabled=&#8220;off&#8220; button_two_text_color__hover_enabled=&#8220;off&#8220; button_one_border_width__hover_enabled=&#8220;off&#8220; button_two_border_width__hover_enabled=&#8220;off&#8220; button_one_border_color__hover_enabled=&#8220;off&#8220; button_two_border_color__hover_enabled=&#8220;off&#8220; button_one_border_radius__hover_enabled=&#8220;off&#8220; button_two_border_radius__hover_enabled=&#8220;off&#8220; button_one_letter_spacing__hover_enabled=&#8220;off&#8220; button_two_letter_spacing__hover_enabled=&#8220;off&#8220; button_one_bg_color__hover_enabled=&#8220;off&#8220; button_two_bg_color__hover_enabled=&#8220;off&#8220;][\/et_pb_fullwidth_header][\/et_pb_section][et_pb_section fb_built=&#8220;1&#8243; admin_label=&#8220;section&#8220; _builder_version=&#8220;3.22&#8243;][et_pb_row admin_label=&#8220;row&#8220; _builder_version=&#8220;3.25&#8243; background_size=&#8220;initial&#8220; background_position=&#8220;top_left&#8220; background_repeat=&#8220;repeat&#8220;][et_pb_column type=&#8220;4_4&#8243; _builder_version=&#8220;3.25&#8243; custom_padding=&#8220;|||&#8220; custom_padding__hover=&#8220;|||&#8220;][et_pb_text _builder_version=&#8220;3.27.4&#8243;]<\/p>\n<h1>G\u00dcNTER GRABNER<\/h1>\n<h4>Partner und Gesch\u00e4ftsf\u00fchrer<\/h4>\n<p>[\/et_pb_text][et_pb_text _builder_version=&#8220;4.3.2&#8243; background_size=&#8220;initial&#8220; background_position=&#8220;top_left&#8220; background_repeat=&#8220;repeat&#8220; text_orientation=&#8220;justified&#8220; use_border_color=&#8220;off&#8220; border_color=&#8220;#ffffff&#8220; border_style=&#8220;solid&#8220;]<\/p>\n<p>G\u00fcnter Grabner ist Gr\u00fcnder und einer der Managing Partner von PV-Invest mit \u00fcber 30 Jahren Erfahrung in der internationalen Finanzierung. Die PV-Invest steht seit ihrer Gr\u00fcndung 2009 f\u00fcr die Erzeugung von Energie aus nachhaltigen Quellen. Das Unternehmen entwickelt innovative Investitionsmodelle f\u00fcr private und institutionelle Investoren mit dem Ziel, hoch-profitable Photovoltaik-Kraftwerke gemeinsam mit Banken und Finanzinstitutionen zu errichten.\n<\/p>\n<p>Der studierte Betriebswirt der Universit\u00e4t Graz ist ein angesehener Finanzexperte mit \u00fcber 14 Jahren Erfahrung bei \u00d6sterreichs gr\u00f6\u00dfter Bank, wo er verschiedene F\u00fchrungspositionen in Wien, New York und K\u00e4rnten inne hatte. Er zeichnete f\u00fcr das Key Account Management sowohl f\u00fcr Privatkunden als auch gewerbliche Kunden, f\u00fcr das nationale und internationale Risk-Management, Konsolidierungen sowie \u00dcbernahmen und Restrukturierungen verantwortlich. W\u00e4hrend dieser Zeit sammelte er umfangreiches Wissen in der gesamten Finanzindustrie und dem Bankgesch\u00e4ft.\n<\/p>\n<p>Vor der Gr\u00fcndung von PV-Invest hat G\u00fcnter Grabner, aufbauend auf dieser umfangreichen Erfahrung im Finanzbereich und seinem internationalen Netzwerk, ein Beratungsunternehmen f\u00fcr kleine, mittlere und gro\u00dfe Unternehmen gegr\u00fcndet und wurde zertifizierter Berater des K\u00e4rntner Wirtschaftsf\u00f6rderungsfonds. Mittlerweile widmet er sich ganz dem nachhaltigen Wachstum der PV-Invest.<\/p>\n<p>[\/et_pb_text][\/et_pb_column][\/et_pb_row][et_pb_row column_structure=&#8220;1_2,1_2&#8243; admin_label=&#8220;Zeile&#8220; _builder_version=&#8220;3.25&#8243; background_size=&#8220;initial&#8220; background_position=&#8220;top_left&#8220; background_repeat=&#8220;repeat&#8220;][et_pb_column type=&#8220;1_2&#8243; _builder_version=&#8220;3.25&#8243; custom_padding=&#8220;|||&#8220; custom_padding__hover=&#8220;|||&#8220;][et_pb_text _builder_version=&#8220;3.27.4&#8243; background_size=&#8220;initial&#8220; background_position=&#8220;top_left&#8220; background_repeat=&#8220;repeat&#8220; use_border_color=&#8220;off&#8220; border_color=&#8220;#ffffff&#8220; border_style=&#8220;solid&#8220;]<\/p>\n<blockquote>\n<h3>Vollst\u00e4ndiger Name<\/h3>\n<p>G\u00fcnter Grabner<\/p>\n<h3>Geburtsdatum<\/h3>\n<p>13.11.1959<\/p><\/blockquote>\n<p>[\/et_pb_text][\/et_pb_column][et_pb_column type=&#8220;1_2&#8243; _builder_version=&#8220;3.25&#8243; custom_padding=&#8220;|||&#8220; custom_padding__hover=&#8220;|||&#8220;][et_pb_text _builder_version=&#8220;3.27.4&#8243; background_size=&#8220;initial&#8220; background_position=&#8220;top_left&#8220; background_repeat=&#8220;repeat&#8220; use_border_color=&#8220;off&#8220; border_color=&#8220;#ffffff&#8220; border_style=&#8220;solid&#8220;]<\/p>\n<blockquote>\n<h3>Ausbildung<\/h3>\n<p>Magister der Betriebswirtschaft der Karl Franzens Universit\u00e4t Graz, zahlreiche erweiterte Kurse und Trainings (z.B. Management Training Fontainebleau)<\/p><\/blockquote>\n<p>[\/et_pb_text][\/et_pb_column][\/et_pb_row][et_pb_row column_structure=&#8220;1_2,1_2&#8243; admin_label=&#8220;Zeile&#8220; _builder_version=&#8220;3.25&#8243; background_size=&#8220;initial&#8220; background_position=&#8220;top_left&#8220; background_repeat=&#8220;repeat&#8220;][et_pb_column type=&#8220;1_2&#8243; _builder_version=&#8220;3.25&#8243; custom_padding=&#8220;|||&#8220; custom_padding__hover=&#8220;|||&#8220;][et_pb_image src=&#8220;\/wp-content\/uploads\/2016\/03\/guenter_grabner1_de.jpg&#8220; show_in_lightbox=&#8220;on&#8220; align_tablet=&#8220;center&#8220; align_phone=&#8220;&#8220; align_last_edited=&#8220;on|desktop&#8220; admin_label=&#8220;Bild&#8220; _builder_version=&#8220;4.4.3&#8243; hover_enabled=&#8220;0&#8243; use_border_color=&#8220;off&#8220; border_color=&#8220;#ffffff&#8220; border_style=&#8220;solid&#8220; animation=&#8220;off&#8220; sticky=&#8220;off&#8220; always_center_on_mobile=&#8220;on&#8220;][\/et_pb_image][\/et_pb_column][et_pb_column type=&#8220;1_2&#8243; _builder_version=&#8220;3.25&#8243; custom_padding=&#8220;|||&#8220; custom_padding__hover=&#8220;|||&#8220;][et_pb_image src=&#8220;\/wp-content\/uploads\/2016\/03\/guenter_grabner2_de.jpg&#8220; show_in_lightbox=&#8220;on&#8220; align_tablet=&#8220;center&#8220; align_phone=&#8220;&#8220; align_last_edited=&#8220;on|desktop&#8220; admin_label=&#8220;Bild&#8220; _builder_version=&#8220;4.4.3&#8243; hover_enabled=&#8220;0&#8243; use_border_color=&#8220;off&#8220; border_color=&#8220;#ffffff&#8220; border_style=&#8220;solid&#8220; animation=&#8220;off&#8220; sticky=&#8220;off&#8220; always_center_on_mobile=&#8220;on&#8220;][\/et_pb_image][\/et_pb_column][\/et_pb_row][\/et_pb_section]<\/p>\n","protected":false},"excerpt":{"rendered":"<p>G\u00dcNTER GRABNER Partner und Gesch\u00e4ftsf\u00fchrer G\u00fcnter Grabner ist Gr\u00fcnder und einer der Managing Partner von PV-Invest mit \u00fcber 30 Jahren Erfahrung in der internationalen Finanzierung. Die PV-Invest steht seit ihrer Gr\u00fcndung 2009 f\u00fcr die Erzeugung von Energie aus nachhaltigen Quellen. Das Unternehmen entwickelt innovative Investitionsmodelle f\u00fcr private und institutionelle Investoren mit dem Ziel, hoch-profitable Photovoltaik-Kraftwerke [&hellip;]<\/p>\n","protected":false},"author":2,"featured_media":0,"parent":612,"menu_order":0,"comment_status":"closed","ping_status":"closed","template":"","meta":{"_et_pb_use_builder":"on","_et_pb_old_content":"","_et_gb_content_width":"","footnotes":""},"class_list":["post-270","page","type-page","status-publish","hentry"],"_links":{"self":[{"href":"https:\/\/kpv-solar.com\/de\/wp-json\/wp\/v2\/pages\/270","targetHints":{"allow":["GET"]}}],"collection":[{"href":"https:\/\/kpv-solar.com\/de\/wp-json\/wp\/v2\/pages"}],"about":[{"href":"https:\/\/kpv-solar.com\/de\/wp-json\/wp\/v2\/types\/page"}],"author":[{"embeddable":true,"href":"https:\/\/kpv-solar.com\/de\/wp-json\/wp\/v2\/users\/2"}],"replies":[{"embeddable":true,"href":"https:\/\/kpv-solar.com\/de\/wp-json\/wp\/v2\/comments?post=270"}],"version-history":[{"count":16,"href":"https:\/\/kpv-solar.com\/de\/wp-json\/wp\/v2\/pages\/270\/revisions"}],"predecessor-version":[{"id":3120,"href":"https:\/\/kpv-solar.com\/de\/wp-json\/wp\/v2\/pages\/270\/revisions\/3120"}],"up":[{"embeddable":true,"href":"https:\/\/kpv-solar.com\/de\/wp-json\/wp\/v2\/pages\/612"}],"wp:attachment":[{"href":"https:\/\/kpv-solar.com\/de\/wp-json\/wp\/v2\/media?parent=270"}],"curies":[{"name":"wp","href":"https:\/\/api.w.org\/{rel}","templated":true}]}}