


{"id":2705,"date":"2017-09-29T09:53:30","date_gmt":"2017-09-29T07:53:30","guid":{"rendered":"http:\/\/www.kpv-solar.com\/de\/?page_id=2705"},"modified":"2021-09-06T12:58:30","modified_gmt":"2021-09-06T10:58:30","slug":"presse","status":"publish","type":"page","link":"https:\/\/kpv-solar.com\/de\/presse\/","title":{"rendered":"Presse"},"content":{"rendered":"<p>[et_pb_section fb_built=&#8220;1&#8243; admin_label=&#8220;section&#8220; _builder_version=&#8220;3.22&#8243;][et_pb_row column_structure=&#8220;2_3,1_3&#8243; admin_label=&#8220;row&#8220; _builder_version=&#8220;3.25&#8243; background_size=&#8220;initial&#8220; background_position=&#8220;top_left&#8220; background_repeat=&#8220;repeat&#8220;][et_pb_column type=&#8220;2_3&#8243; _builder_version=&#8220;3.25&#8243; custom_padding=&#8220;|||&#8220; custom_padding__hover=&#8220;|||&#8220;][et_pb_text _builder_version=&#8220;3.27.4&#8243; background_size=&#8220;initial&#8220; background_position=&#8220;top_left&#8220; background_repeat=&#8220;repeat&#8220; module_alignment=&#8220;left&#8220; use_border_color=&#8220;off&#8220; border_color=&#8220;#ffffff&#8220; border_style=&#8220;solid&#8220;]<\/p>\n<h1><span class=\"icon-newspaper\"><\/span> PRESSEMELDUNGEN<\/h1>\n<p>[\/et_pb_text][et_pb_divider color=&#8220;#8fbf1f&#8220; admin_label=&#8220;Divider Line&#8220; _builder_version=&#8220;4.4.3&#8243; max_width=&#8220;25%&#8220; height=&#8220;0px&#8220; saved_tabs=&#8220;all&#8220;][\/et_pb_divider][et_pb_blog posts_number=&#8220;20&#8243; include_categories=&#8220;29&#8243; show_author=&#8220;off&#8220; show_categories=&#8220;off&#8220; _builder_version=&#8220;3.0.94&#8243; header_font_size=&#8220;16&#8243; pagination_font_size_tablet=&#8220;51&#8243; pagination_line_height_tablet=&#8220;2&#8243; border_style=&#8220;solid&#8220; use_dropshadow=&#8220;off&#8220;][\/et_pb_blog][\/et_pb_column][et_pb_column type=&#8220;1_3&#8243; _builder_version=&#8220;3.25&#8243; custom_padding=&#8220;|||&#8220; custom_padding__hover=&#8220;|||&#8220;][et_pb_cta title=&#8220;PRESSEKONTAKT&#8220; button_url=&#8220;mailto:office@kpv-solar.com&#8220; button_text=&#8220;E-Mail versenden &#8230;&#8220; _builder_version=&#8220;3.16&#8243; header_text_align=&#8220;center&#8220; body_text_align=&#8220;center&#8220; background_size=&#8220;initial&#8220; background_position=&#8220;top_left&#8220; background_repeat=&#8220;repeat&#8220; button_alignment=&#8220;center&#8220; saved_tabs=&#8220;all&#8220; button_text_size__hover_enabled=&#8220;off&#8220; button_one_text_size__hover_enabled=&#8220;off&#8220; button_two_text_size__hover_enabled=&#8220;off&#8220; button_text_color__hover_enabled=&#8220;off&#8220; button_one_text_color__hover_enabled=&#8220;off&#8220; button_two_text_color__hover_enabled=&#8220;off&#8220; button_border_width__hover_enabled=&#8220;off&#8220; button_one_border_width__hover_enabled=&#8220;off&#8220; button_two_border_width__hover_enabled=&#8220;off&#8220; button_border_color__hover_enabled=&#8220;off&#8220; button_one_border_color__hover_enabled=&#8220;off&#8220; button_two_border_color__hover_enabled=&#8220;off&#8220; button_border_radius__hover_enabled=&#8220;off&#8220; button_one_border_radius__hover_enabled=&#8220;off&#8220; button_two_border_radius__hover_enabled=&#8220;off&#8220; button_letter_spacing__hover_enabled=&#8220;off&#8220; button_one_letter_spacing__hover_enabled=&#8220;off&#8220; button_two_letter_spacing__hover_enabled=&#8220;off&#8220; button_bg_color__hover_enabled=&#8220;off&#8220; button_one_bg_color__hover_enabled=&#8220;off&#8220; button_two_bg_color__hover_enabled=&#8220;off&#8220;]Kontaktieren Sie unser B\u00fcro f\u00fcr weitere Presseinformationen.<\/p>\n<p><span class=\"icon_mail_alt\"><\/span> <strong>E-Mail:<\/strong> office@kpv-solar.com <\/p>\n<p><span class=\"icon_phone\"><\/span> <strong>Telefon: <\/strong>+43 (0) 463 \/ 218073 &#8211; 23<br \/>\n[\/et_pb_cta][et_pb_divider show_divider=&#8220;off&#8220; _builder_version=&#8220;3.2&#8243;][\/et_pb_divider][et_pb_image src=&#8220;\/wp-content\/uploads\/2017\/10\/favicon_grey.png&#8220; align=&#8220;center&#8220; align_tablet=&#8220;center&#8220; align_phone=&#8220;&#8220; align_last_edited=&#8220;on|desktop&#8220; _builder_version=&#8220;4.4.3&#8243; max_width=&#8220;40%&#8220; border_style=&#8220;solid&#8220; always_center_on_mobile=&#8220;on&#8220;][\/et_pb_image][et_pb_divider show_divider=&#8220;off&#8220; _builder_version=&#8220;3.2&#8243;][\/et_pb_divider][et_pb_text _builder_version=&#8220;3.27.4&#8243; background_size=&#8220;initial&#8220; background_position=&#8220;top_left&#8220; background_repeat=&#8220;repeat&#8220; text_orientation=&#8220;center&#8220; module_alignment=&#8220;left&#8220; border_style=&#8220;solid&#8220;]<\/p>\n<h2 style=\"text-align: center;\">PRESSE DOWNLOADS<\/h2>\n<h4 style=\"text-align: center;\">Hochaufl\u00f6sende Bilder<\/h4>\n<p>[\/et_pb_text][et_pb_divider show_divider=&#8220;off&#8220; admin_label=&#8220;Divider Line&#8220; _builder_version=&#8220;3.2&#8243; max_width=&#8220;25%&#8220; module_alignment=&#8220;center&#8220; height=&#8220;0px&#8220; saved_tabs=&#8220;all&#8220;][\/et_pb_divider][et_pb_image src=&#8220;\/wp-content\/uploads\/2016\/11\/GerhardRabensteiner_600.jpg&#8220; url=&#8220;\/wp-content\/uploads\/2016\/11\/GerhardRabensteiner.jpg&#8220; align_tablet=&#8220;center&#8220; align_phone=&#8220;&#8220; align_last_edited=&#8220;on|desktop&#8220; _builder_version=&#8220;4.4.3&#8243; animation_direction=&#8220;off&#8220; border_style=&#8220;solid&#8220; animation=&#8220;off&#8220; sticky=&#8220;off&#8220; always_center_on_mobile=&#8220;on&#8220;][\/et_pb_image][et_pb_text _builder_version=&#8220;4.4.3&#8243; background_size=&#8220;initial&#8220; background_position=&#8220;top_left&#8220; background_repeat=&#8220;repeat&#8220; text_orientation=&#8220;center&#8220; module_alignment=&#8220;left&#8220; border_style=&#8220;solid&#8220;]<a href=\"\/wp-content\/uploads\/2016\/11\/GerhardRabensteiner.jpg\"><span class=\"icon-download\"><\/span> Pressefoto Gerhard Rabensteiner (3,15 MB)<\/a><br \/>\nGr\u00fcnder und Gesch\u00e4ftsf\u00fchrer[\/et_pb_text][et_pb_image src=&#8220;\/wp-content\/uploads\/2016\/11\/GuenterGrabner_600.jpg&#8220; url=&#8220;\/wp-content\/uploads\/2016\/11\/GuenterGrabner.jpg&#8220; align_tablet=&#8220;center&#8220; align_phone=&#8220;&#8220; align_last_edited=&#8220;on|desktop&#8220; _builder_version=&#8220;4.4.3&#8243; animation_direction=&#8220;off&#8220; border_style=&#8220;solid&#8220; animation=&#8220;off&#8220; sticky=&#8220;off&#8220; always_center_on_mobile=&#8220;on&#8220;][\/et_pb_image][et_pb_text _builder_version=&#8220;4.4.3&#8243; background_size=&#8220;initial&#8220; background_position=&#8220;top_left&#8220; background_repeat=&#8220;repeat&#8220; text_orientation=&#8220;center&#8220; module_alignment=&#8220;left&#8220; border_style=&#8220;solid&#8220;]<a href=\"\/wp-content\/uploads\/2016\/11\/GuenterGrabner.jpg\"><span class=\"icon-download\"><\/span> Pressefoto G\u00fcnter Grabner (3,14 MB)<\/a><br \/>\nPartner und Gesch\u00e4ftsf\u00fchrer[\/et_pb_text][et_pb_image src=&#8220;\/wp-content\/uploads\/2016\/11\/GrabnerRabensteiner_600.jpg&#8220; url=&#8220;\/wp-content\/uploads\/2016\/11\/GrabnerRabensteiner.jpg&#8220; align_tablet=&#8220;center&#8220; align_phone=&#8220;&#8220; align_last_edited=&#8220;on|desktop&#8220; _builder_version=&#8220;4.4.3&#8243; animation_direction=&#8220;off&#8220; border_style=&#8220;solid&#8220; animation=&#8220;off&#8220; sticky=&#8220;off&#8220; always_center_on_mobile=&#8220;on&#8220;][\/et_pb_image][et_pb_text _builder_version=&#8220;4.4.3&#8243; background_size=&#8220;initial&#8220; background_position=&#8220;top_left&#8220; background_repeat=&#8220;repeat&#8220; text_orientation=&#8220;center&#8220; module_alignment=&#8220;left&#8220; border_style=&#8220;solid&#8220;]<a href=\"\/wp-content\/uploads\/2016\/11\/GrabnerRabensteiner.jpg\"><span class=\"icon-download\"><\/span> Pressefoto von G\u00fcnter Grabner und Gerhard Rabensteiner (von links, 9,96 MB)<\/a>[\/et_pb_text][et_pb_text _builder_version=&#8220;3.27.4&#8243; background_size=&#8220;initial&#8220; background_position=&#8220;top_left&#8220; background_repeat=&#8220;repeat&#8220; text_orientation=&#8220;center&#8220; module_alignment=&#8220;left&#8220; border_style=&#8220;solid&#8220;]<\/p>\n<h4 style=\"text-align: center;\">Curriculum Vitae<\/h4>\n<p>[\/et_pb_text][et_pb_testimonial portrait_url=&#8220;\/wp-content\/uploads\/2016\/10\/gerhard-rabensteiner_portrait1.jpg&#8220; _builder_version=&#8220;4.4.3&#8243; background_size=&#8220;initial&#8220; background_position=&#8220;top_left&#8220; background_repeat=&#8220;repeat&#8220; text_orientation=&#8220;center&#8220; border_style=&#8220;solid&#8220;]<a href=\"\/wp-content\/uploads\/2020\/02\/CV_GerhardRabensteiner_2020.pdf\"><span class=\"icon-download\"><\/span> Lebenslauf Gerhard Rabensteiner<br \/>PDF Download<\/a>[\/et_pb_testimonial][et_pb_testimonial portrait_url=&#8220;\/wp-content\/uploads\/2016\/10\/guenter-grabner_portrait.jpg&#8220; _builder_version=&#8220;4.4.3&#8243; background_size=&#8220;initial&#8220; background_position=&#8220;top_left&#8220; background_repeat=&#8220;repeat&#8220; text_orientation=&#8220;center&#8220; border_style=&#8220;solid&#8220;]<a href=\"\/wp-content\/uploads\/2020\/02\/CV_GunterGrabner.pdf\"><span class=\"icon-download\"><\/span> Lebenslauf G\u00fcnter Grabner<br \/>PDF Download<\/a>[\/et_pb_testimonial][\/et_pb_column][\/et_pb_row][\/et_pb_section]<\/p>\n","protected":false},"excerpt":{"rendered":"<p>Agrar Sonnenfarm<\/p>\n","protected":false},"author":2,"featured_media":0,"parent":0,"menu_order":0,"comment_status":"closed","ping_status":"closed","template":"","meta":{"_et_pb_use_builder":"on","_et_pb_old_content":"","_et_gb_content_width":"","footnotes":""},"class_list":["post-2705","page","type-page","status-publish","hentry"],"_links":{"self":[{"href":"https:\/\/kpv-solar.com\/de\/wp-json\/wp\/v2\/pages\/2705","targetHints":{"allow":["GET"]}}],"collection":[{"href":"https:\/\/kpv-solar.com\/de\/wp-json\/wp\/v2\/pages"}],"about":[{"href":"https:\/\/kpv-solar.com\/de\/wp-json\/wp\/v2\/types\/page"}],"author":[{"embeddable":true,"href":"https:\/\/kpv-solar.com\/de\/wp-json\/wp\/v2\/users\/2"}],"replies":[{"embeddable":true,"href":"https:\/\/kpv-solar.com\/de\/wp-json\/wp\/v2\/comments?post=2705"}],"version-history":[{"count":15,"href":"https:\/\/kpv-solar.com\/de\/wp-json\/wp\/v2\/pages\/2705\/revisions"}],"predecessor-version":[{"id":4055,"href":"https:\/\/kpv-solar.com\/de\/wp-json\/wp\/v2\/pages\/2705\/revisions\/4055"}],"wp:attachment":[{"href":"https:\/\/kpv-solar.com\/de\/wp-json\/wp\/v2\/media?parent=2705"}],"curies":[{"name":"wp","href":"https:\/\/api.w.org\/{rel}","templated":true}]}}