


{"id":28074,"date":"2018-01-12T09:19:42","date_gmt":"2018-01-12T08:19:42","guid":{"rendered":"https:\/\/www.pv-invest.com\/de\/?page_id=4071"},"modified":"2024-05-15T23:04:44","modified_gmt":"2024-05-15T21:04:44","slug":"pv-invest-gruppe","status":"publish","type":"page","link":"https:\/\/kpv-solar.com\/de\/pv-invest-gruppe\/","title":{"rendered":"PV-Invest Gruppe"},"content":{"rendered":"<p>[et_pb_section fb_built=&#8220;1&#8243; fullwidth=&#8220;on&#8220; _builder_version=&#8220;4.16&#8243; background_color=&#8220;#ffffff&#8220; global_colors_info=&#8220;{}&#8220;][et_pb_fullwidth_header title=&#8220;Die PV-Invest Gruppe&#8220; subhead=&#8220;Investieren | Errichten | Betreiben&#8220; text_orientation=&#8220;center&#8220; background_overlay_color=&#8220;rgba(0,0,0,0.25)&#8220; _builder_version=&#8220;4.23&#8243; title_font=&#8220;|||on|||||&#8220; title_font_size=&#8220;60px&#8220; title_line_height=&#8220;1.5em&#8220; content_text_align=&#8220;center&#8220; subhead_font=&#8220;|||on|||||&#8220; subhead_text_align=&#8220;center&#8220; subhead_font_size=&#8220;24px&#8220; subhead_line_height=&#8220;1.7em&#8220; background_color=&#8220;RGBA(255,255,255,0)&#8220; background_image=&#8220;https:\/\/pv-invest.com\/wp-content\/uploads\/2020\/03\/PV-Invest_200217_Portfolio_Web-1-scaled.jpg&#8220; custom_padding=&#8220;10%||10%|&#8220; title_font_size_tablet=&#8220;40px&#8220; title_font_size_phone=&#8220;&#8220; title_font_size_last_edited=&#8220;on|tablet&#8220; subhead_font_size_tablet=&#8220;18px&#8220; subhead_font_size_phone=&#8220;&#8220; subhead_font_size_last_edited=&#8220;on|tablet&#8220; global_colors_info=&#8220;{}&#8220; button_one_text_size__hover_enabled=&#8220;off&#8220; button_one_text_size__hover=&#8220;null&#8220; button_two_text_size__hover_enabled=&#8220;off&#8220; button_two_text_size__hover=&#8220;null&#8220; button_one_text_color__hover_enabled=&#8220;off&#8220; button_one_text_color__hover=&#8220;null&#8220; button_two_text_color__hover_enabled=&#8220;off&#8220; button_two_text_color__hover=&#8220;null&#8220; button_one_border_width__hover_enabled=&#8220;off&#8220; button_one_border_width__hover=&#8220;null&#8220; button_two_border_width__hover_enabled=&#8220;off&#8220; button_two_border_width__hover=&#8220;null&#8220; button_one_border_color__hover_enabled=&#8220;off&#8220; button_one_border_color__hover=&#8220;null&#8220; button_two_border_color__hover_enabled=&#8220;off&#8220; button_two_border_color__hover=&#8220;null&#8220; button_one_border_radius__hover_enabled=&#8220;off&#8220; button_one_border_radius__hover=&#8220;null&#8220; button_two_border_radius__hover_enabled=&#8220;off&#8220; button_two_border_radius__hover=&#8220;null&#8220; button_one_letter_spacing__hover_enabled=&#8220;off&#8220; button_one_letter_spacing__hover=&#8220;null&#8220; button_two_letter_spacing__hover_enabled=&#8220;off&#8220; button_two_letter_spacing__hover=&#8220;null&#8220; button_one_bg_color__hover_enabled=&#8220;off&#8220; button_one_bg_color__hover=&#8220;null&#8220; button_two_bg_color__hover_enabled=&#8220;off&#8220; button_two_bg_color__hover=&#8220;null&#8220;][\/et_pb_fullwidth_header][\/et_pb_section][et_pb_section fb_built=&#8220;1&#8243; admin_label=&#8220;Die Gesellschafter&#8220; _builder_version=&#8220;4.22.1&#8243; background_color=&#8220;#ffffff&#8220; custom_margin=&#8220;0px||0px||false|false&#8220; custom_padding=&#8220;50px||50px||false|false&#8220; global_colors_info=&#8220;{}&#8220;][et_pb_row _builder_version=&#8220;4.16&#8243; global_colors_info=&#8220;{}&#8220;][et_pb_column type=&#8220;4_4&#8243; _builder_version=&#8220;4.16&#8243; custom_padding=&#8220;|||&#8220; global_colors_info=&#8220;{}&#8220; custom_padding__hover=&#8220;|||&#8220;][et_pb_text disabled_on=&#8220;on|off|off&#8220; admin_label=&#8220;Die Gesellschafter Desktop&#8220; module_class=&#8220;pa-heading-line-both&#8220; _builder_version=&#8220;4.24.0&#8243; _module_preset=&#8220;default&#8220; header_font=&#8220;|||on|||||&#8220; max_width=&#8220;60%&#8220; max_width_tablet=&#8220;100%&#8220; max_width_phone=&#8220;100%&#8220; max_width_last_edited=&#8220;on|desktop&#8220; module_alignment=&#8220;center&#8220; global_colors_info=&#8220;{}&#8220;]<\/p>\n<h1>Die Gesellschafter<\/h1>\n<p>[\/et_pb_text][et_pb_text disabled_on=&#8220;off|on|on&#8220; admin_label=&#8220;Die Gesellschafter Mobile&#8220; _builder_version=&#8220;4.24.0&#8243; _module_preset=&#8220;default&#8220; header_font=&#8220;|||on|||||&#8220; text_orientation=&#8220;center&#8220; max_width_tablet=&#8220;&#8220; max_width_phone=&#8220;&#8220; max_width_last_edited=&#8220;on|phone&#8220; module_alignment=&#8220;center&#8220; global_colors_info=&#8220;{}&#8220;]<\/p>\n<h1>Die Gesellschafter<\/h1>\n<p>[\/et_pb_text][\/et_pb_column][\/et_pb_row][et_pb_row column_structure=&#8220;1_3,1_3,1_3&#8243; _builder_version=&#8220;4.22.1&#8243; _module_preset=&#8220;default&#8220; global_colors_info=&#8220;{}&#8220;][et_pb_column type=&#8220;1_3&#8243; _builder_version=&#8220;4.22.1&#8243; _module_preset=&#8220;default&#8220; global_colors_info=&#8220;{}&#8220;][et_pb_image src=&#8220;https:\/\/kpv-solar.com\/wp-content\/uploads\/2021\/06\/MK_UB-1.png&#8220; alt=&#8220;Logo Managementkompetenz&#8220; title_text=&#8220;MK_UB&#8220; _builder_version=&#8220;4.23&#8243; _module_preset=&#8220;default&#8220; global_colors_info=&#8220;{}&#8220;][\/et_pb_image][\/et_pb_column][et_pb_column type=&#8220;1_3&#8243; _builder_version=&#8220;4.22.1&#8243; _module_preset=&#8220;default&#8220; global_colors_info=&#8220;{}&#8220;][et_pb_image src=&#8220;https:\/\/kpv-solar.com\/wp-content\/uploads\/2021\/06\/LGroup.png&#8220; alt=&#8220;Logo Liechtenstein Gruppe&#8220; title_text=&#8220;LGroup&#8220; _builder_version=&#8220;4.23&#8243; _module_preset=&#8220;default&#8220; global_colors_info=&#8220;{}&#8220;][\/et_pb_image][\/et_pb_column][et_pb_column type=&#8220;1_3&#8243; _builder_version=&#8220;4.22.1&#8243; _module_preset=&#8220;default&#8220; global_colors_info=&#8220;{}&#8220;][et_pb_image src=&#8220;https:\/\/kpv-solar.com\/wp-content\/uploads\/2021\/06\/RGA.png&#8220; alt=&#8220;Logo RGA Beteiligungs GmbH&#8220; title_text=&#8220;RGA&#8220; _builder_version=&#8220;4.23&#8243; _module_preset=&#8220;default&#8220; global_colors_info=&#8220;{}&#8220;][\/et_pb_image][\/et_pb_column][\/et_pb_row][\/et_pb_section][et_pb_section fb_built=&#8220;1&#8243; admin_label=&#8220;Unsere Marken&#8220; _builder_version=&#8220;4.22.1&#8243; background_color=&#8220;#ffffff&#8220; custom_margin=&#8220;0px||0px||false|false&#8220; custom_padding=&#8220;50px||50px||false|false&#8220; global_colors_info=&#8220;{}&#8220;][et_pb_row _builder_version=&#8220;4.16&#8243; global_colors_info=&#8220;{}&#8220;][et_pb_column type=&#8220;4_4&#8243; _builder_version=&#8220;4.16&#8243; custom_padding=&#8220;|||&#8220; global_colors_info=&#8220;{}&#8220; custom_padding__hover=&#8220;|||&#8220;][et_pb_text disabled_on=&#8220;on|off|off&#8220; admin_label=&#8220;Unsere Marken Desktop&#8220; module_class=&#8220;pa-heading-line-both&#8220; _builder_version=&#8220;4.24.0&#8243; _module_preset=&#8220;default&#8220; header_font=&#8220;|||on|||||&#8220; max_width=&#8220;60%&#8220; max_width_tablet=&#8220;100%&#8220; max_width_phone=&#8220;100%&#8220; max_width_last_edited=&#8220;on|desktop&#8220; module_alignment=&#8220;center&#8220; global_colors_info=&#8220;{}&#8220;]<\/p>\n<h1>Unsere Marken<\/h1>\n<p>[\/et_pb_text][et_pb_text disabled_on=&#8220;off|on|on&#8220; admin_label=&#8220;Unsere Marken Mobile&#8220; _builder_version=&#8220;4.24.0&#8243; _module_preset=&#8220;default&#8220; header_font=&#8220;|||on|||||&#8220; text_orientation=&#8220;center&#8220; max_width_tablet=&#8220;&#8220; max_width_phone=&#8220;&#8220; max_width_last_edited=&#8220;on|phone&#8220; module_alignment=&#8220;center&#8220; global_colors_info=&#8220;{}&#8220;]<\/p>\n<h1>Unsere Marken<\/h1>\n<p>[\/et_pb_text][\/et_pb_column][\/et_pb_row][et_pb_row column_structure=&#8220;1_3,1_3,1_3&#8243; make_equal=&#8220;on&#8220; _builder_version=&#8220;4.22.1&#8243; _module_preset=&#8220;default&#8220; global_colors_info=&#8220;{}&#8220;][et_pb_column type=&#8220;1_3&#8243; _builder_version=&#8220;4.22.1&#8243; _module_preset=&#8220;default&#8220; border_radii=&#8220;on|5px|5px|5px|5px&#8220; border_width_all=&#8220;2px&#8220; border_color_all=&#8220;#8FBF1F&#8220; global_colors_info=&#8220;{}&#8220;][et_pb_blurb title=&#8220;PV-Invest GmbH&#8220; url=&#8220;https:\/\/www.pv-invest.com&#8220; image=&#8220;https:\/\/kpv-solar.com\/wp-content\/uploads\/2018\/01\/PV-Invest-Logo_1000x731-1.jpg&#8220; image_icon_width=&#8220;75%&#8220; admin_label=&#8220;PV-Invest GmbH&#8220; _builder_version=&#8220;4.24.0&#8243; _module_preset=&#8220;default&#8220; header_line_height=&#8220;1.3em&#8220; body_text_align=&#8220;justify&#8220; body_font_size=&#8220;16px&#8220; text_orientation=&#8220;center&#8220; custom_padding=&#8220;30px|30px|30px|30px|false|false&#8220; link_option_url=&#8220;https:\/\/www.pv-invest.com&#8220; global_colors_info=&#8220;{}&#8220;]PV-Invest entwickelt innovative Finanzierungskonzepte f\u00fcr private und institutionelle Investoren:innen, um gemeinsam mit Banken und Finanzierungsinstituten ertragreiche Photovoltaik-Kraftwerke zu errichten. Der Einsatz von erneuerbarer Energie liefert einen wesentlichen Beitrag zur Aufrechterhaltung des \u00f6kologischen Gleichgewichtes, die Demokratisierung der Stromerzeugung sichert eine nachhaltige Stromversorgung.<\/p>\n<p><a href=\"https:\/\/www.pv-invest.com\">www.pv-invest.com<\/a>[\/et_pb_blurb][\/et_pb_column][et_pb_column type=&#8220;1_3&#8243; _builder_version=&#8220;4.22.1&#8243; _module_preset=&#8220;default&#8220; border_radii=&#8220;on|5px|5px|5px|5px&#8220; border_width_all=&#8220;2px&#8220; border_color_all=&#8220;#8FBF1F&#8220; global_colors_info=&#8220;{}&#8220;][et_pb_blurb title=&#8220;KPV Solar GmbH&#8220; url=&#8220;https:\/\/www.kpv-solar.com&#8220; image=&#8220;https:\/\/kpv-solar.com\/wp-content\/uploads\/2018\/01\/KPV-Solar-Logo_1000x731-1.jpg&#8220; image_icon_width=&#8220;75%&#8220; admin_label=&#8220;KPV Solar GmbH&#8220; _builder_version=&#8220;4.24.0&#8243; _module_preset=&#8220;default&#8220; header_line_height=&#8220;1.3em&#8220; body_text_align=&#8220;justify&#8220; body_font_size=&#8220;16px&#8220; text_orientation=&#8220;center&#8220; custom_padding=&#8220;30px|30px|30px|30px|false|false&#8220; link_option_url=&#8220;https:\/\/www.kpv-solar.com&#8220; border_color_all=&#8220;RGBA(255,255,255,0)&#8220; global_colors_info=&#8220;{}&#8220;]Die KPV Solar GmbH ist eines der f\u00fchrenden \u00f6sterreichischen Solarunternehmen f\u00fcr die Planung und die Errichtung von gro\u00dfen Photovoltaik- (PV) und Solarthermie- (ST) Kraftwerken. KPV Solar plant und realisiert gro\u00dfe erneuerbare Kraftwerksprojekte f\u00fcr internationale Investoren:innen unter anderem in \u00d6sterreich, Italien, Slowenien, Kroatien, Serbien, Tschechien, Bulgarien und Spanien<\/p>\n<p><a href=\"https:\/\/www.kpv-solar.com\">www.kpv-solar.com<\/a>[\/et_pb_blurb][\/et_pb_column][et_pb_column type=&#8220;1_3&#8243; _builder_version=&#8220;4.22.1&#8243; _module_preset=&#8220;default&#8220; border_radii=&#8220;on|5px|5px|5px|5px&#8220; border_width_all=&#8220;2px&#8220; border_color_all=&#8220;#8FBF1F&#8220; global_colors_info=&#8220;{}&#8220;][et_pb_blurb title=&#8220;Unser Kraftwerk UK-Naturstrom GmbH&#8220; url=&#8220;https:\/\/www.unserkraftwerk.at&#8220; image=&#8220;https:\/\/kpv-solar.com\/wp-content\/uploads\/2021\/04\/Unser_Kraftwerk_Logo_Web.png&#8220; alt=&#8220;Unser Kraftwerk Logo&#8220; image_icon_width=&#8220;75%&#8220; admin_label=&#8220;Unser Kraftwerk UK-Naturstrom GmbH&#8220; _builder_version=&#8220;4.24.0&#8243; _module_preset=&#8220;default&#8220; header_line_height=&#8220;1.3em&#8220; body_text_align=&#8220;justify&#8220; body_font_size=&#8220;16px&#8220; text_orientation=&#8220;center&#8220; custom_padding=&#8220;30px|30px|30px|30px|false|false&#8220; link_option_url=&#8220;https:\/\/www.unserkraftwerk.at&#8220; border_color_all=&#8220;RGBA(255,255,255,0)&#8220; global_colors_info=&#8220;{}&#8220;]Unser Kraftwerk ist einer der gr\u00f6\u00dften \u00f6sterreichischen Betreiber von Sonnenkraftwerken mit B\u00fcrgerbeteiligung. Das Unternehmen richtet sich an nachhaltig handelnde Menschen, denen ein aktiver Umweltschutz in Kombination mit einer ertragreichen Verwendung des Teilnahmebetrags ein Anliegen ist. <\/p>\n<p><a href=\"https:\/\/www.unserkraftwerk.at\">www.unserkraftwerk.at<\/a>[\/et_pb_blurb][\/et_pb_column][\/et_pb_row][\/et_pb_section]<\/p>\n","protected":false},"excerpt":{"rendered":"<p>Die GesellschafterDie GesellschafterUnsere MarkenUnsere MarkenPV-Invest entwickelt innovative Finanzierungskonzepte f\u00fcr private und institutionelle Investoren:innen, um gemeinsam mit Banken und Finanzierungsinstituten ertragreiche Photovoltaik-Kraftwerke zu errichten. Der Einsatz von erneuerbarer Energie liefert einen wesentlichen Beitrag zur Aufrechterhaltung des \u00f6kologischen Gleichgewichtes, die Demokratisierung der Stromerzeugung sichert eine nachhaltige Stromversorgung. www.pv-invest.comDie KPV Solar GmbH ist eines der f\u00fchrenden \u00f6sterreichischen Solarunternehmen [&hellip;]<\/p>\n","protected":false},"author":2,"featured_media":0,"parent":0,"menu_order":0,"comment_status":"closed","ping_status":"closed","template":"","meta":{"_et_pb_use_builder":"on","_et_pb_old_content":"","_et_gb_content_width":"","footnotes":""},"class_list":["post-28074","page","type-page","status-publish","hentry"],"_links":{"self":[{"href":"https:\/\/kpv-solar.com\/de\/wp-json\/wp\/v2\/pages\/28074","targetHints":{"allow":["GET"]}}],"collection":[{"href":"https:\/\/kpv-solar.com\/de\/wp-json\/wp\/v2\/pages"}],"about":[{"href":"https:\/\/kpv-solar.com\/de\/wp-json\/wp\/v2\/types\/page"}],"author":[{"embeddable":true,"href":"https:\/\/kpv-solar.com\/de\/wp-json\/wp\/v2\/users\/2"}],"replies":[{"embeddable":true,"href":"https:\/\/kpv-solar.com\/de\/wp-json\/wp\/v2\/comments?post=28074"}],"version-history":[{"count":5,"href":"https:\/\/kpv-solar.com\/de\/wp-json\/wp\/v2\/pages\/28074\/revisions"}],"predecessor-version":[{"id":28544,"href":"https:\/\/kpv-solar.com\/de\/wp-json\/wp\/v2\/pages\/28074\/revisions\/28544"}],"wp:attachment":[{"href":"https:\/\/kpv-solar.com\/de\/wp-json\/wp\/v2\/media?parent=28074"}],"curies":[{"name":"wp","href":"https:\/\/api.w.org\/{rel}","templated":true}]}}