


{"id":4525,"date":"2023-04-12T16:02:16","date_gmt":"2023-04-12T14:02:16","guid":{"rendered":"https:\/\/kpv-solar.com\/?page_id=4525"},"modified":"2023-04-12T16:02:19","modified_gmt":"2023-04-12T14:02:19","slug":"aeb","status":"publish","type":"page","link":"https:\/\/kpv-solar.com\/de\/aeb\/","title":{"rendered":"Allgemeine Einkaufsbedingungen"},"content":{"rendered":"<p>[et_pb_section fb_built=&#8220;1&#8243; admin_label=&#8220;section&#8220; _builder_version=&#8220;3.22&#8243;][et_pb_row admin_label=&#8220;row&#8220; _builder_version=&#8220;3.25&#8243; background_size=&#8220;initial&#8220; background_position=&#8220;top_left&#8220; background_repeat=&#8220;repeat&#8220;][et_pb_column type=&#8220;4_4&#8243; _builder_version=&#8220;3.25&#8243; custom_padding=&#8220;|||&#8220; custom_padding__hover=&#8220;|||&#8220;][et_pb_text _builder_version=&#8220;4.9.9&#8243; background_size=&#8220;initial&#8220; background_position=&#8220;top_left&#8220; background_repeat=&#8220;repeat&#8220; hover_enabled=&#8220;0&#8243; use_border_color=&#8220;off&#8220; border_color=&#8220;#ffffff&#8220; border_style=&#8220;solid&#8220; sticky_enabled=&#8220;0&#8243;]<\/p>\n<h1>Allgemeine Einkaufsbedingungen &#8222;AEB&#8220;<\/h1>\n<p>[\/et_pb_text][et_pb_divider color=&#8220;#8fbf1f&#8220; admin_label=&#8220;Divider Line&#8220; _builder_version=&#8220;3.2&#8243; max_width=&#8220;25%&#8220; height=&#8220;0px&#8220; saved_tabs=&#8220;all&#8220;][\/et_pb_divider][et_pb_text _builder_version=&#8220;4.9.9&#8243; background_size=&#8220;initial&#8220; background_position=&#8220;top_left&#8220; background_repeat=&#8220;repeat&#8220; hover_enabled=&#8220;0&#8243; use_border_color=&#8220;off&#8220; sticky_enabled=&#8220;0&#8243;]<\/p>\n<p><a href=\"\/wp-content\/uploads\/aeb\/KPV_AEB.pdf\"><span class=\"icon-document\"><\/span>  Laden Sie sich unsere Allgemeinen Einkaufsbedingungen als PDF herunter &#8230;<\/a><\/p>\n<h2>1. ALLGEMEINES &amp; GELTUNGSBEREICH<\/h2>\n<p>1.1. Diese Bedingungen gelten f\u00fcr den gesamten Rechtsverkehr betreffend Beschaffungen der KPV Solar GmbH (nachfolgend kurz <strong><em>&#8222;KPV&#8220;<\/em><\/strong> genannt) und sind untrennbarer Bestandteil aller Bestellungen, Auftragsbest\u00e4tigungen, Kauf- und Werkvertr\u00e4ge zwischen der <strong><em>KPV<\/em><\/strong> und ihren Vertragspartnern.<br \/>\n1.2. Durch den Abschluss des Vertrages nimmt der Auftragnehmer diese AEB zur Kenntnis und akzeptiert diese samt den darin enthaltenen Bestimmungen.<br \/>\n1.3. Diese AEB gelten ausschlie\u00dflich. Entgegenstehende oder von diesen AEB abweichende Bedingungen des Kunden erkennt <strong><em>KPV<\/em><\/strong> nicht an und widerspricht diesen hiermit.<br \/>\n1.4. Auf gendergerechte Sprache wird im Sinne der Lesbarkeit verzichtet. Die Bedeutung der verwendeten Substantive erstreckt sich jeweils auf alle Menschen (m\/w\/d) gleicherma\u00dfen.<\/p>\n<h2>2. VERTRAGSABSCHLUSS<\/h2>\n<p>2.1. Eingehende Angebote und Kostenvoranschl\u00e4ge gelten innerhalb der genannten Frist als verbindlich, es sei denn es wird ausdr\u00fccklich auf deren Unverbindlichkeit hingewiesen. Die genannten Preise, sofern nichts anderes ausdr\u00fccklich vermerkt ist, verstehen sich exklusive der in \u00d6sterreich geltenden Mehrwertsteuer. Als Zahlungsmittel gilt der Euro als vereinbart, sofern nichts anderes vereinbart ist.<br \/>\n2.2. Ein Vertrag gilt als geschlossen, wenn <strong><em>KPV<\/em><\/strong> unter Bezugnahme auf das jeweilige Angebot eine Auftragsbest\u00e4tigung an den Auftragnehmer \u00fcbermittelt oder ein auf das Angebot bezugnehmender Vertrag unterzeichnet wird. Die \u00dcbermittlung kann auch in elektronischer Form erfolgen. Die Auftragsbest\u00e4tigung tr\u00e4gt keine firmenm\u00e4\u00dfige Zeichnung, eine solche kann auf Wunsch des Lieferanten gesondert erfolgen.<br \/>\n2.3. Die in E-Mails oder sonstigen schriftlichen Dokumenten oder verbalen Aussagen enthaltenen Abweichungen zur Auftragsbest\u00e4tigung\/zum Vertrag sind nur dann ma\u00dfgeblich, wenn in der Auftragsbest\u00e4tigung ausdr\u00fccklich darauf Bezug genommen wird.<br \/>\n2.4. Die vorliegenden Allgemeinen Einkaufsbedingungen gelten auch f\u00fcr Folgeauftr\u00e4ge, auch wenn nicht gesondert explizit darauf Bezug genommen wird.<br \/>\n2.5. Sofern nicht ausdr\u00fccklich schriftlich vereinbart, bed\u00fcrfen Vereinbarungen und \u00c4nderungen zu ihrer G\u00fcltigkeit der Schriftform. Das Schriftformerfordernis gilt auch unter Bezugnahme auf die jeweilige Bestellung durch ein formloses E-Mail als erf\u00fcllt.<\/p>\n<h2>3. PREISE UND ZAHLUNG<\/h2>\n<p>3.1. Seitens des Lieferanten gelegte Angebote und Kostenvoranschl\u00e4ge sind, sofern nicht vorab anderslautende schriftliche Vereinbarungen vorliegen, unentgeltlich.<br \/>\n3.2. Zusatzkosten, bspw. f\u00fcr Versand, Verpackung, Versicherung, Zoll etc. und allenfalls zur Anwendung gelangende Zuschl\u00e4ge sind im Angebot anzuf\u00fchren.<br \/>\n3.3. Alle Zahlungen erfolgen nach vollst\u00e4ndiger Lieferung und Abnahme bzw. Leistungserbringung und korrekter Rechnungslegung (korrekte Anschrift, Angabe der Auftragsnummer, UID\/VAT Nummer, korrekte Beschreibung der Lieferung\/Leistung) innerhalb von 30 Tagen netto, es sei denn, es wurden im Rahmen der Auftragsbest\u00e4tigung andere Zahlungskonditionen vereinbart.<br \/>\n3.4. Teilrechnungen sind gesondert zu vereinbaren.<\/p>\n<h2>4. LIEFERUNG UND ZAHLUNG<\/h2>\n<p>4.1. Teillieferungen und -leistungen sind gesondert zu vereinbaren.<br \/>\n4.2. Die Lieferbedingungen und -konditionen werden im Angebot\/Auftragsschreiben vereinbart.<br \/>\n4.3. Der Lieferant ist verpflichtet, die ordnungsgem\u00e4\u00dfe Verpackung sicherzustellen und alle erforderlichen Versandunterlagen beizulegen.<br \/>\n4.4. Der Lieferort wird von <strong><em>KPV<\/em><\/strong> im Rahmen der Auftragsbest\u00e4tigung bekanntgegeben. Erf\u00fcllungsort ist der Sitz der <strong><em>KPV<\/em><\/strong>.<br \/>\n4.5. Der Lieferant tr\u00e4gt das Risiko betreffend die Lieferung bis zur \u00dcbernahme durch die <strong><em>KPV<\/em><\/strong> oder der befugten Person am angegebenen Lieferort (INCOTERMS: FCA).<br \/>\n4.6. Sofern der Lieferant vern\u00fcnftigerweise davon ausgehen muss, dass sich der vereinbarte Liefertermin verschiebt, ist der Lieferant verpflichtet unter Bekanntgabe der Gr\u00fcnde hierf\u00fcr unverz\u00fcglich darauf hinzuweisen und die Dauer der zu erwartenden Verz\u00f6gerung bekanntzugeben.<br \/>\n4.7. Neben den allgemeinen gesetzlichen Bestimmungen ist die <strong><em>KPV<\/em><\/strong> bei Lieferverzug des Lieferanten von zumindest 4 Wochen oder anderen wichtigen Gr\u00fcnden, wie insbesondere der Er\u00f6ffnung des Konkursverfahrens \u00fcber das Verm\u00f6gen des Lieferanten oder Abweisung eines Konkursantrages mangels kostendeckenden Verm\u00f6gens, zum R\u00fccktritt vom Vertrag berechtigt.<\/p>\n<h2>5. GEW\u00c4HRLEISTUNG<\/h2>\n<p>5.1. Der Lieferant leistet Gew\u00e4hr daf\u00fcr, dass das gelieferte Produkt frei von Sach- und Rechtsm\u00e4ngeln ist und f\u00fcr den bedungenen Gebrauch geeignet ist, sowie daf\u00fcr, dass die bedungenen Eigenschaften gegeben sind.<br \/>\n5.2. Die Gew\u00e4hrleistungsfrist betr\u00e4gt zwei Jahre, gerechnet ab dem Zeitpunkt des Gefahren\u00fcberganges gem\u00e4\u00df 4.5.<br \/>\n5.3. <strong><em>KPV<\/em><\/strong> oder ein von <strong><em>KPV<\/em><\/strong> Beauftragter wird das gelieferte Produkt innerhalb angemessener Zeit (maximal 4 Wochen) nach Erhalt pr\u00fcfen. Die Nichteinhaltung dieser Frist bedeutet keinen Verzicht auf die Gew\u00e4hrleistungsrechte innerhalb des Gew\u00e4hrleistung Zeitraums.<br \/>\n5.4. F\u00fcr den Fall, dass das Produkt mangelhaft ist, wird <strong><em>KPV<\/em><\/strong> den Lieferanten schriftlich davon in Kenntnis setzen und die M\u00e4ngelbehebung oder sonstige aus dem Gew\u00e4hrleistungsrecht zustehende Anspr\u00fcche einfordern.<\/p>\n<h2>6. SCHADENERSATZ<\/h2>\n<p>6.1. Der Lieferant haftet f\u00fcr Sach- und Verm\u00f6genssch\u00e4den, aus welchem Rechtsgrund auch immer, insbesondere wegen Verzugs-, Unm\u00f6glichkeit der Leistung, positiver Forderungsverletzung, Verschulden bei Vertragsabschluss, Mangelfolgeschadens, M\u00e4ngeln oder wegen unerlaubter Handlungen, welche der <strong><em>KPV<\/em><\/strong>, deren Mitarbeitern und\/oder Kunden der <strong><em>KPV<\/em><\/strong> oder deren Mitarbeitern, entstehen.<br \/>\n6.2. Die Frist f\u00fcr die Geltendmachung von Schadenersatzanspr\u00fcchen betr\u00e4gt drei Jahre, gerechnet ab dem Zeitpunkt des Gefahren\u00fcberganges gem\u00e4\u00df 4.5.<br \/>\n6.3. Im \u00dcbrigen gelten die gesetzlichen Bestimmungen.<\/p>\n<h2>7. VERTRAULICHKEIT UND GEHEIMHALTUNG<\/h2>\n<p>7.1. Personenbezogene Daten werden lediglich im Rahmen der gesetzlichen Bestimmungen \u00fcber den Datenschutz behandelt. Der Lieferant stimmt zu, dass die im Rahmen der Bestellung und der Bestellabwicklung bekanntgegebenen Daten f\u00fcr Zwecke der Buchhaltung sowie zu internen Zwecken erhoben, bearbeitet, gespeichert und gen\u00fctzt werden. Die Daten werden von <strong><em>KPV<\/em><\/strong> zur Erf\u00fcllung von gesetzlichen Vorschriften, zur Abwicklung des Zahlungsverkehrs und zu Werbezwecken verwendet, jedoch nicht an Dritte weitergegeben.<br \/>\n7.2. Der Lieferant verpflichtet sich, \u00fcber s\u00e4mtliche im Rahmen der Gesch\u00e4ftsbeziehung erlangten oder durch den Auftraggeber zug\u00e4nglich gemachten vertraulichen Informationen, Betriebs- und Gesch\u00e4ftsgeheimnisse, Konstruktionspl\u00e4ne etc. Stillschweigen zu bewahren. Diese Informationen d\u00fcrfen nur mit vorheriger ausdr\u00fccklicher Zustimmung des Auftraggebers weitergegeben werden.<\/p>\n<h2>8. SONSTIGES<\/h2>\n<p>8.1. Die AEB sind in deutscher und englischer Sprache verf\u00fcgbar, wobei im Falle von Zweifeln die deutschsprachige Version Vorrang genie\u00dft.<br \/>\n8.2. Falls einzelne Bestimmungen des Vertrages oder dieser Bestimmungen unwirksam sein sollten, wird die Wirksamkeit der \u00fcbrigen Bestimmungen nicht ber\u00fchrt. Die unwirksame Bestimmung ist durch eine g\u00fcltige, dem angestrebten Ziel und Parteiwillen m\u00f6glichst nahekommende Klausel, zu ersetzen.<br \/>\n8.3. Es gilt \u00f6sterreichisches Recht unter Ausschluss der Internationalen Privatrechtsbestimmungen und des \u00dcbereinkommens \u00fcber Vertr\u00e4ge \u00fcber den internationalen Warenkauf (UNCITRAL). Zur Auslegung von Handelsklauseln sind die INCOTERMS in der bei Abschluss des betroffenen Vertrages g\u00fcltigen Fassung anzuwenden.<br \/>\n8.4. Zahlungs- und Erf\u00fcllungsort f\u00fcr alle sich aus der wechselseitigen Gesch\u00e4ftsbeziehung und diesen AEB ergebenden Verpflichtungen ist Klagenfurt am W\u00f6rthersee\/\u00d6sterreich.<br \/>\n8.5. Als ausschlie\u00dflicher Gerichtsstand f\u00fcr alle sich mittelbar oder unmittelbar aus dem Vertragsverh\u00e4ltnis mit <strong><em>KPV<\/em><\/strong> ergebenden Streitigkeiten gilt das sachlich zust\u00e4ndige Gericht in Klagenfurt am W\u00f6rthersee \/ \u00d6sterreich als vereinbart.<\/p>\n<p><strong>Stand 03\/2023<\/strong>[\/et_pb_text][\/et_pb_column][\/et_pb_row][\/et_pb_section]<\/p>\n","protected":false},"excerpt":{"rendered":"<p>Allgemeine Einkaufsbedingungen &#8222;AEB&#8220; Laden Sie sich unsere Allgemeinen Einkaufsbedingungen als PDF herunter &#8230; 1. ALLGEMEINES &amp; GELTUNGSBEREICH 1.1. Diese Bedingungen gelten f\u00fcr den gesamten Rechtsverkehr betreffend Beschaffungen der KPV Solar GmbH (nachfolgend kurz &#8222;KPV&#8220; genannt) und sind untrennbarer Bestandteil aller Bestellungen, Auftragsbest\u00e4tigungen, Kauf- und Werkvertr\u00e4ge zwischen der KPV und ihren Vertragspartnern. 1.2. Durch den Abschluss [&hellip;]<\/p>\n","protected":false},"author":2,"featured_media":0,"parent":0,"menu_order":0,"comment_status":"closed","ping_status":"closed","template":"","meta":{"_et_pb_use_builder":"on","_et_pb_old_content":"","_et_gb_content_width":"","footnotes":""},"class_list":["post-4525","page","type-page","status-publish","hentry"],"_links":{"self":[{"href":"https:\/\/kpv-solar.com\/de\/wp-json\/wp\/v2\/pages\/4525","targetHints":{"allow":["GET"]}}],"collection":[{"href":"https:\/\/kpv-solar.com\/de\/wp-json\/wp\/v2\/pages"}],"about":[{"href":"https:\/\/kpv-solar.com\/de\/wp-json\/wp\/v2\/types\/page"}],"author":[{"embeddable":true,"href":"https:\/\/kpv-solar.com\/de\/wp-json\/wp\/v2\/users\/2"}],"replies":[{"embeddable":true,"href":"https:\/\/kpv-solar.com\/de\/wp-json\/wp\/v2\/comments?post=4525"}],"version-history":[{"count":2,"href":"https:\/\/kpv-solar.com\/de\/wp-json\/wp\/v2\/pages\/4525\/revisions"}],"predecessor-version":[{"id":4528,"href":"https:\/\/kpv-solar.com\/de\/wp-json\/wp\/v2\/pages\/4525\/revisions\/4528"}],"wp:attachment":[{"href":"https:\/\/kpv-solar.com\/de\/wp-json\/wp\/v2\/media?parent=4525"}],"curies":[{"name":"wp","href":"https:\/\/api.w.org\/{rel}","templated":true}]}}