


{"id":612,"date":"2016-10-11T16:53:44","date_gmt":"2016-10-11T14:53:44","guid":{"rendered":"http:\/\/neu.pv-invest.com\/de\/?page_id=612"},"modified":"2020-04-17T08:54:56","modified_gmt":"2020-04-17T06:54:56","slug":"management","status":"publish","type":"page","link":"https:\/\/kpv-solar.com\/de\/management\/","title":{"rendered":"Management"},"content":{"rendered":"<p>[et_pb_section fb_built=&#8220;1&#8243; fullwidth=&#8220;on&#8220; _builder_version=&#8220;3.22&#8243; background_color=&#8220;#ffffff&#8220;][et_pb_fullwidth_header title=&#8220;MANAGEMENT&#8220; subhead=&#8220; &#8220; text_orientation=&#8220;center&#8220; background_overlay_color=&#8220;rgba(0,0,0,0.2)&#8220; _builder_version=&#8220;4.4.3&#8243; title_font=&#8220;|||on|||||&#8220; title_text_align=&#8220;center&#8220; title_font_size=&#8220;60px&#8220; title_line_height=&#8220;1.5em&#8220; content_text_align=&#8220;center&#8220; subhead_text_align=&#8220;center&#8220; subhead_font_size=&#8220;24px&#8220; subhead_line_height=&#8220;1.7em&#8220; background_image=&#8220;\/wp-content\/uploads\/2018\/06\/Consulting_1600x1053.jpg&#8220; custom_padding=&#8220;10%||10%|&#8220; title_font_size_tablet=&#8220;40px&#8220; title_font_size_phone=&#8220;&#8220; title_font_size_last_edited=&#8220;on|tablet&#8220; subhead_font_size_tablet=&#8220;18px&#8220; subhead_font_size_phone=&#8220;&#8220; subhead_font_size_last_edited=&#8220;on|tablet&#8220; button_one_text_size__hover_enabled=&#8220;off&#8220; button_two_text_size__hover_enabled=&#8220;off&#8220; button_one_text_color__hover_enabled=&#8220;off&#8220; button_two_text_color__hover_enabled=&#8220;off&#8220; button_one_border_width__hover_enabled=&#8220;off&#8220; button_two_border_width__hover_enabled=&#8220;off&#8220; button_one_border_color__hover_enabled=&#8220;off&#8220; button_two_border_color__hover_enabled=&#8220;off&#8220; button_one_border_radius__hover_enabled=&#8220;off&#8220; button_two_border_radius__hover_enabled=&#8220;off&#8220; button_one_letter_spacing__hover_enabled=&#8220;off&#8220; button_two_letter_spacing__hover_enabled=&#8220;off&#8220; button_one_bg_color__hover_enabled=&#8220;off&#8220; button_two_bg_color__hover_enabled=&#8220;off&#8220;][\/et_pb_fullwidth_header][\/et_pb_section][et_pb_section fb_built=&#8220;1&#8243; admin_label=&#8220;section&#8220; _builder_version=&#8220;3.22&#8243;][et_pb_row column_structure=&#8220;1_3,1_3,1_3&#8243; admin_label=&#8220;row&#8220; _builder_version=&#8220;3.25&#8243; background_size=&#8220;initial&#8220; background_position=&#8220;top_left&#8220; background_repeat=&#8220;repeat&#8220;][et_pb_column type=&#8220;1_3&#8243; _builder_version=&#8220;3.25&#8243; custom_padding=&#8220;|||&#8220; custom_padding__hover=&#8220;|||&#8220;][et_pb_testimonial author=&#8220;Gerhard Rabensteiner&#8220; company_name=&#8220;Gr\u00fcnder und Gesch\u00e4ftsf\u00fchrer&#8220; url=&#8220;\/de\/gerhard-rabensteiner\/&#8220; portrait_url=&#8220;\/wp-content\/uploads\/2016\/10\/gerhard-rabensteiner_portrait1.jpg&#8220; quote_icon=&#8220;off&#8220; portrait_width=&#8220;200&#8243; portrait_height=&#8220;200&#8243; _builder_version=&#8220;4.4.3&#8243; body_text_align=&#8220;center&#8220; body_font_size=&#8220;16&#8243; background_size=&#8220;initial&#8220; background_position=&#8220;top_left&#8220; background_repeat=&#8220;repeat&#8220; text_orientation=&#8220;center&#8220; border_radii_portrait=&#8220;on|200px|200px|200px|200px&#8220; use_border_color=&#8220;off&#8220;][\/et_pb_testimonial][et_pb_text _builder_version=&#8220;4.3.2&#8243; background_size=&#8220;initial&#8220; background_position=&#8220;top_left&#8220; background_repeat=&#8220;repeat&#8220; text_orientation=&#8220;justified&#8220; module_alignment=&#8220;justified&#8220; use_border_color=&#8220;off&#8220; border_color=&#8220;#ffffff&#8220; border_style=&#8220;solid&#8220;]<\/p>\n<p>Gerhard Rabensteiner ist Solarmanager aus \u00dcberzeugung. 2006 war Gerhard Rabensteiner Mitbegr\u00fcnder der KIOTO Clear Energy AG, welche bis heute unter dem Namen KIOTO Photovoltaics zum gr\u00f6\u00dften \u00f6sterreichischen PV-Modulhersteller avancierte. Er war zuletzt auch Vorstandsmitglied des Unternehmens und verantwortlich f\u00fcr den Gesch\u00e4ftsbereich Photovoltaik. Sein eigenes EPC-Unternehmen, KPV Solar, fusionierte Gerhard 2016 mit der PV-Invest und ist dort seither Managing Partner.<\/p>\n<p><a href=\"\/de\/gerhard-rabensteiner\/\">Mehr Informationen&#8230;<\/a><\/p>\n<p>[\/et_pb_text][\/et_pb_column][et_pb_column type=&#8220;1_3&#8243; _builder_version=&#8220;3.25&#8243; custom_padding=&#8220;|||&#8220; custom_padding__hover=&#8220;|||&#8220;][et_pb_testimonial author=&#8220;G\u00fcnter Grabner&#8220; company_name=&#8220;Partner und Gesch\u00e4ftsf\u00fchrer&#8220; url=&#8220;\/de\/guenter-grabner\/&#8220; portrait_url=&#8220;\/wp-content\/uploads\/2016\/10\/guenter-grabner_portrait.jpg&#8220; quote_icon=&#8220;off&#8220; portrait_width=&#8220;200&#8243; portrait_height=&#8220;200&#8243; _builder_version=&#8220;4.4.3&#8243; body_text_align=&#8220;center&#8220; body_font_size=&#8220;16&#8243; background_size=&#8220;initial&#8220; background_position=&#8220;top_left&#8220; background_repeat=&#8220;repeat&#8220; text_orientation=&#8220;center&#8220; border_radii_portrait=&#8220;on|200px|200px|200px|200px&#8220; use_border_color=&#8220;off&#8220;][\/et_pb_testimonial][et_pb_text _builder_version=&#8220;4.3.2&#8243; background_size=&#8220;initial&#8220; background_position=&#8220;top_left&#8220; background_repeat=&#8220;repeat&#8220; text_orientation=&#8220;justified&#8220; module_alignment=&#8220;justified&#8220; use_border_color=&#8220;off&#8220; border_color=&#8220;#ffffff&#8220; border_style=&#8220;solid&#8220;]<\/p>\n<p>G\u00fcnter Grabner ist Gr\u00fcnder und einer der Managing Partner von PV-Invest mit \u00fcber 30 Jahren Erfahrung in der internationalen Finanzierung. Die PV-Invest steht seit ihrer Gr\u00fcndung 2009 f\u00fcr die Erzeugung von Energie aus nachhaltigen Quellen. Das Unternehmen entwickelt innovative Investitionsmodelle f\u00fcr private und institutionelle Investoren mit dem Ziel, hoch-profitable Photovoltaik-Kraftwerke gemeinsam mit Banken und Finanzinstitutionen zu errichten.<\/p>\n<p><a href=\"\/de\/guenter-grabner\/\">Mehr Informationen&#8230;<\/a><\/p>\n<p>[\/et_pb_text][\/et_pb_column][et_pb_column type=&#8220;1_3&#8243; _builder_version=&#8220;3.25&#8243; custom_padding=&#8220;|||&#8220; custom_padding__hover=&#8220;|||&#8220;][et_pb_cta title=&#8220;PRESSEKONTAKT&#8220; button_url=&#8220;mailto:office@kpv-solar.com&#8220; button_text=&#8220;E-Mail versenden &#8230;&#8220; _builder_version=&#8220;3.16&#8243; header_text_align=&#8220;center&#8220; body_text_align=&#8220;center&#8220; background_size=&#8220;initial&#8220; background_position=&#8220;top_left&#8220; background_repeat=&#8220;repeat&#8220; button_alignment=&#8220;center&#8220; button_text_size__hover_enabled=&#8220;off&#8220; button_one_text_size__hover_enabled=&#8220;off&#8220; button_two_text_size__hover_enabled=&#8220;off&#8220; button_text_color__hover_enabled=&#8220;off&#8220; button_one_text_color__hover_enabled=&#8220;off&#8220; button_two_text_color__hover_enabled=&#8220;off&#8220; button_border_width__hover_enabled=&#8220;off&#8220; button_one_border_width__hover_enabled=&#8220;off&#8220; button_two_border_width__hover_enabled=&#8220;off&#8220; button_border_color__hover_enabled=&#8220;off&#8220; button_one_border_color__hover_enabled=&#8220;off&#8220; button_two_border_color__hover_enabled=&#8220;off&#8220; button_border_radius__hover_enabled=&#8220;off&#8220; button_one_border_radius__hover_enabled=&#8220;off&#8220; button_two_border_radius__hover_enabled=&#8220;off&#8220; button_letter_spacing__hover_enabled=&#8220;off&#8220; button_one_letter_spacing__hover_enabled=&#8220;off&#8220; button_two_letter_spacing__hover_enabled=&#8220;off&#8220; button_bg_color__hover_enabled=&#8220;off&#8220; button_one_bg_color__hover_enabled=&#8220;off&#8220; button_two_bg_color__hover_enabled=&#8220;off&#8220;]Kontaktieren Sie unser B\u00fcro f\u00fcr weitere Presseinformationen.<\/p>\n<p><span class=\"icon_mail_alt\"><\/span> <strong>E-Mail:<\/strong> office@kpv-solar.com <\/p>\n<p><span class=\"icon_phone\"><\/span> <strong>Telefon: <\/strong>+43 (0) 463 \/ 218073 \u2013 23<br \/>\n[\/et_pb_cta][et_pb_divider show_divider=&#8220;off&#8220; _builder_version=&#8220;3.2&#8243;][\/et_pb_divider][et_pb_image src=&#8220;\/wp-content\/uploads\/2017\/10\/favicon_grey.png&#8220; align=&#8220;center&#8220; align_tablet=&#8220;center&#8220; align_phone=&#8220;&#8220; align_last_edited=&#8220;on|desktop&#8220; _builder_version=&#8220;4.4.3&#8243; max_width=&#8220;50%&#8220; hover_enabled=&#8220;0&#8243; border_style=&#8220;solid&#8220; always_center_on_mobile=&#8220;on&#8220;][\/et_pb_image][\/et_pb_column][\/et_pb_row][\/et_pb_section]<\/p>\n","protected":false},"excerpt":{"rendered":"<p>Gerhard Rabensteiner ist Solarmanager aus \u00dcberzeugung. 2006 war Gerhard Rabensteiner Mitbegr\u00fcnder der KIOTO Clear Energy AG, welche bis heute unter dem Namen KIOTO Photovoltaics zum gr\u00f6\u00dften \u00f6sterreichischen PV-Modulhersteller avancierte. Er war zuletzt auch Vorstandsmitglied des Unternehmens und verantwortlich f\u00fcr den Gesch\u00e4ftsbereich Photovoltaik. Sein eigenes EPC-Unternehmen, KPV Solar, fusionierte Gerhard 2016 mit der PV-Invest und ist [&hellip;]<\/p>\n","protected":false},"author":2,"featured_media":0,"parent":0,"menu_order":0,"comment_status":"closed","ping_status":"closed","template":"","meta":{"_et_pb_use_builder":"on","_et_pb_old_content":"","_et_gb_content_width":"","footnotes":""},"class_list":["post-612","page","type-page","status-publish","hentry"],"_links":{"self":[{"href":"https:\/\/kpv-solar.com\/de\/wp-json\/wp\/v2\/pages\/612","targetHints":{"allow":["GET"]}}],"collection":[{"href":"https:\/\/kpv-solar.com\/de\/wp-json\/wp\/v2\/pages"}],"about":[{"href":"https:\/\/kpv-solar.com\/de\/wp-json\/wp\/v2\/types\/page"}],"author":[{"embeddable":true,"href":"https:\/\/kpv-solar.com\/de\/wp-json\/wp\/v2\/users\/2"}],"replies":[{"embeddable":true,"href":"https:\/\/kpv-solar.com\/de\/wp-json\/wp\/v2\/comments?post=612"}],"version-history":[{"count":24,"href":"https:\/\/kpv-solar.com\/de\/wp-json\/wp\/v2\/pages\/612\/revisions"}],"predecessor-version":[{"id":3115,"href":"https:\/\/kpv-solar.com\/de\/wp-json\/wp\/v2\/pages\/612\/revisions\/3115"}],"wp:attachment":[{"href":"https:\/\/kpv-solar.com\/de\/wp-json\/wp\/v2\/media?parent=612"}],"curies":[{"name":"wp","href":"https:\/\/api.w.org\/{rel}","templated":true}]}}