


{"id":79,"date":"2016-03-08T17:35:38","date_gmt":"2016-03-08T16:35:38","guid":{"rendered":"http:\/\/neu.pv-invest.com\/?page_id=79"},"modified":"2018-01-12T13:04:30","modified_gmt":"2018-01-12T12:04:30","slug":"rechtliche-hinweise","status":"publish","type":"page","link":"https:\/\/kpv-solar.com\/de\/rechtliche-hinweise\/","title":{"rendered":"Rechtliche Hinweise"},"content":{"rendered":"<p>[et_pb_section bb_built=&#8220;1&#8243; admin_label=&#8220;section&#8220;][et_pb_row admin_label=&#8220;row&#8220; background_position=&#8220;top_left&#8220; background_repeat=&#8220;repeat&#8220; background_size=&#8220;initial&#8220;][et_pb_column type=&#8220;4_4&#8243;][et_pb_text background_layout=&#8220;light&#8220; text_orientation=&#8220;left&#8220; use_border_color=&#8220;off&#8220; border_color=&#8220;#ffffff&#8220; border_style=&#8220;solid&#8220; background_position=&#8220;top_left&#8220; background_repeat=&#8220;repeat&#8220; background_size=&#8220;initial&#8220;]<\/p>\n<h1>RECHTLICHE HINWEISE<\/h1>\n<p>[\/et_pb_text][et_pb_divider admin_label=&#8220;Divider Line&#8220; _builder_version=&#8220;3.0.92&#8243; saved_tabs=&#8220;all&#8220; show_divider=&#8220;on&#8220; color=&#8220;#8fbf1f&#8220; height=&#8220;0px&#8220; max_width=&#8220;25%&#8220; \/][et_pb_text background_layout=&#8220;light&#8220; text_orientation=&#8220;justified&#8220; use_border_color=&#8220;off&#8220; border_color=&#8220;#ffffff&#8220; border_style=&#8220;solid&#8220; background_position=&#8220;top_left&#8220; background_repeat=&#8220;repeat&#8220; background_size=&#8220;initial&#8220;]<\/p>\n<p>Alle Rechte vorbehalten. Die Vervielf\u00e4ltigung von Texten, Grafiken und Daten von dieser Website einschlie\u00dflich Speicherung und Nutzung auf optischen und\/oder elektronischen Datentr\u00e4gern ist nur mit vorheriger schriftlicher Zustimmung von KPV Solar GmbH, Austria, gestattet.<\/p>\n<p>KPV SOLAR GMBH UND\/ODER DEREN LIEFERANTEN MACHEN KEINE ANGABEN ZUR EIGNUNG DER AUF DIESER WEBSITE ENTHALTENEN INFORMATIONEN ZU EINEM BESTIMMTEN ZWECK. ALLE INFORMATIONEN WERDEN OHNE GEW\u00c4HRLEISTUNG JEGLICHER ART ZUR VERF\u00dcGUNG GESTELLT. KPV SOLAR GMBH BEH\u00c4LT SICH DAS RECHT VOR, DIE ANGEGEBENEN TEXTE, GRAFIKEN UND DATEN JEDERZEIT OHNE VORHERIGE MITTEILUNG \u00c4NDERN ZU K\u00d6NNEN. IN KEINEM FALL K\u00d6NNEN KPV SOLAR GMBH UND\/ODER DEREN LIEFERANTEN HAFTBAR GEMACHT WERDEN F\u00dcR BESONDERE ODER INDIREKTE SCH\u00c4DEN, FOLGESCH\u00c4DEN ODER SONSTIGE SCH\u00c4DEN, DIE AUS NUTZUNGSAUSFALL, VERLUST VON DATEN ODER ENTGANGENEM GEWINN RESULTIEREN &#8211; SEI ES BEI VERTRAGSGEM\u00c4SSER NUTZUNG ODER DURCH NACHL\u00c4SSIGKEIT ODER SONSTIGE UNERLAUBTE HANDLUNG &#8211; UND DURCH DIE ODER IM ZUSAMMENHANG MIT DER VERWENDUNG VON AUF DIESER WEBSITE VERF\u00dcGBAREN INFORMATIONEN ENTSTANDEN SIND.<\/p>\n<p>[\/et_pb_text][\/et_pb_column][\/et_pb_row][\/et_pb_section]<\/p>\n","protected":false},"excerpt":{"rendered":"<p>RECHTLICHE HINWEISE Alle Rechte vorbehalten. Die Vervielf\u00e4ltigung von Texten, Grafiken und Daten von dieser Website einschlie\u00dflich Speicherung und Nutzung auf optischen und\/oder elektronischen Datentr\u00e4gern ist nur mit vorheriger schriftlicher Zustimmung von KPV Solar GmbH, Austria, gestattet. KPV SOLAR GMBH UND\/ODER DEREN LIEFERANTEN MACHEN KEINE ANGABEN ZUR EIGNUNG DER AUF DIESER WEBSITE ENTHALTENEN INFORMATIONEN ZU EINEM [&hellip;]<\/p>\n","protected":false},"author":2,"featured_media":0,"parent":0,"menu_order":0,"comment_status":"closed","ping_status":"closed","template":"","meta":{"_et_pb_use_builder":"on","_et_pb_old_content":"","_et_gb_content_width":"","footnotes":""},"class_list":["post-79","page","type-page","status-publish","hentry"],"_links":{"self":[{"href":"https:\/\/kpv-solar.com\/de\/wp-json\/wp\/v2\/pages\/79","targetHints":{"allow":["GET"]}}],"collection":[{"href":"https:\/\/kpv-solar.com\/de\/wp-json\/wp\/v2\/pages"}],"about":[{"href":"https:\/\/kpv-solar.com\/de\/wp-json\/wp\/v2\/types\/page"}],"author":[{"embeddable":true,"href":"https:\/\/kpv-solar.com\/de\/wp-json\/wp\/v2\/users\/2"}],"replies":[{"embeddable":true,"href":"https:\/\/kpv-solar.com\/de\/wp-json\/wp\/v2\/comments?post=79"}],"version-history":[{"count":5,"href":"https:\/\/kpv-solar.com\/de\/wp-json\/wp\/v2\/pages\/79\/revisions"}],"predecessor-version":[{"id":2854,"href":"https:\/\/kpv-solar.com\/de\/wp-json\/wp\/v2\/pages\/79\/revisions\/2854"}],"wp:attachment":[{"href":"https:\/\/kpv-solar.com\/de\/wp-json\/wp\/v2\/media?parent=79"}],"curies":[{"name":"wp","href":"https:\/\/api.w.org\/{rel}","templated":true}]}}