


{"id":81,"date":"2016-03-08T17:35:47","date_gmt":"2016-03-08T16:35:47","guid":{"rendered":"http:\/\/neu.pv-invest.com\/?page_id=81"},"modified":"2024-10-16T10:47:07","modified_gmt":"2024-10-16T08:47:07","slug":"impressum","status":"publish","type":"page","link":"https:\/\/kpv-solar.com\/de\/impressum\/","title":{"rendered":"Impressum"},"content":{"rendered":"<p>[et_pb_section fb_built=&#8220;1&#8243; admin_label=&#8220;section&#8220; _builder_version=&#8220;4.16&#8243; da_disable_devices=&#8220;off|off|off&#8220; global_colors_info=&#8220;{}&#8220; da_is_popup=&#8220;off&#8220; da_exit_intent=&#8220;off&#8220; da_has_close=&#8220;on&#8220; da_alt_close=&#8220;off&#8220; da_dark_close=&#8220;off&#8220; da_not_modal=&#8220;on&#8220; da_is_singular=&#8220;off&#8220; da_with_loader=&#8220;off&#8220; da_has_shadow=&#8220;on&#8220;][et_pb_row admin_label=&#8220;row&#8220; _builder_version=&#8220;4.16&#8243; background_size=&#8220;initial&#8220; background_position=&#8220;top_left&#8220; background_repeat=&#8220;repeat&#8220; global_colors_info=&#8220;{}&#8220;][et_pb_column type=&#8220;4_4&#8243; _builder_version=&#8220;4.16&#8243; custom_padding=&#8220;|||&#8220; global_colors_info=&#8220;{}&#8220; custom_padding__hover=&#8220;|||&#8220;][et_pb_text _builder_version=&#8220;4.16&#8243; background_size=&#8220;initial&#8220; background_position=&#8220;top_left&#8220; background_repeat=&#8220;repeat&#8220; use_border_color=&#8220;off&#8220; global_colors_info=&#8220;{}&#8220;]<\/p>\n<h1>IMPRESSUM<\/h1>\n<p>[\/et_pb_text][et_pb_divider color=&#8220;#8fbf1f&#8220; admin_label=&#8220;Divider Line&#8220; _builder_version=&#8220;4.16&#8243; max_width=&#8220;25%&#8220; height=&#8220;0px&#8220; saved_tabs=&#8220;all&#8220; global_colors_info=&#8220;{}&#8220;][\/et_pb_divider][et_pb_text _builder_version=&#8220;4.16&#8243; background_size=&#8220;initial&#8220; background_position=&#8220;top_left&#8220; background_repeat=&#8220;repeat&#8220; use_border_color=&#8220;off&#8220; global_colors_info=&#8220;{}&#8220;]Informationspflicht lt. &amp; 5 Abs. 1 E-Commerce-Gesetz. Die Website der KPV Solar GmbH wird Ihnen zur Verf\u00fcgung gestellt von:<br \/>\n[\/et_pb_text][\/et_pb_column][\/et_pb_row][et_pb_row column_structure=&#8220;1_2,1_2&#8243; admin_label=&#8220;Zeile&#8220; _builder_version=&#8220;4.16&#8243; background_size=&#8220;initial&#8220; background_position=&#8220;top_left&#8220; background_repeat=&#8220;repeat&#8220; global_colors_info=&#8220;{}&#8220;][et_pb_column type=&#8220;1_2&#8243; _builder_version=&#8220;4.16&#8243; custom_padding=&#8220;|||&#8220; global_colors_info=&#8220;{}&#8220; custom_padding__hover=&#8220;|||&#8220;][et_pb_text _builder_version=&#8220;4.25.2&#8243; background_size=&#8220;initial&#8220; background_position=&#8220;top_left&#8220; background_repeat=&#8220;repeat&#8220; hover_enabled=&#8220;0&#8243; border_style=&#8220;solid&#8220; global_colors_info=&#8220;{}&#8220; sticky_enabled=&#8220;0&#8243;]<\/p>\n<h3>KPV Solar GmbH<\/h3>\n<p>Hauptstra\u00dfe 246<br \/>\n9201 Krumpendorf am W\u00f6rthersee<br \/>\nAustria<\/p>\n<p><strong>Gesch\u00e4ftsf\u00fchrer:<\/strong> Mag. Gerhard Rabensteiner, DI Thomas Rabensteiner, Dr. Robin Hirschl und Dr. Christoph Glanzer<\/p>\n<p><strong>E-Mail:<\/strong> office@kpv-solar.com <\/p>\n<p><strong>Telefon: <\/strong>+43 (0) 463 \/ 218073<\/p>\n<p><strong>Firmenbuchgericht: <\/strong>Landesgericht Klagenfurt<\/p>\n<p><strong>Firmenbuchnummer: <\/strong>344176 t<\/p>\n<p><strong>UID: <\/strong>ATU65593324<\/p>\n<p><strong>Kammerzugeh\u00f6rigkeit: <\/strong>Wirtschaftskammer K\u00e4rnten, Fachgruppe Unternehmensberatung und Datenverarbeitung<\/p>\n<p><strong>Domaininhaber: <\/strong>KPV Solar GmbH, Klagenfurt<\/p>\n<p><strong>Administrator dieser Website: <\/strong>Michael Welz, <a href=\"http:\/\/www.dotparc.com\/\">dotparc IT GmbH<\/a>[\/et_pb_text][\/et_pb_column][et_pb_column type=&#8220;1_2&#8243; _builder_version=&#8220;4.16&#8243; custom_padding=&#8220;|||&#8220; global_colors_info=&#8220;{}&#8220; custom_padding__hover=&#8220;|||&#8220;][et_pb_image src=&#8220;\/wp-content\/uploads\/2017\/10\/KPV-Solar-Logo.jpg&#8220; align=&#8220;center&#8220; align_tablet=&#8220;center&#8220; align_phone=&#8220;&#8220; align_last_edited=&#8220;on|desktop&#8220; admin_label=&#8220;Bild&#8220; _builder_version=&#8220;4.16&#8243; max_width=&#8220;60%&#8220; animation_style=&#8220;slide&#8220; animation_direction=&#8220;left&#8220; animation_duration=&#8220;500ms&#8220; animation_intensity_slide=&#8220;10%&#8220; use_border_color=&#8220;off&#8220; always_center_on_mobile=&#8220;on&#8220; global_colors_info=&#8220;{}&#8220;][\/et_pb_image][\/et_pb_column][\/et_pb_row][\/et_pb_section]<\/p>\n","protected":false},"excerpt":{"rendered":"<p>IMPRESSUM Informationspflicht lt. &amp; 5 Abs. 1 E-Commerce-Gesetz. Die Website der KPV Solar GmbH wird Ihnen zur Verf\u00fcgung gestellt von: KPV Solar GmbH Hauptstra\u00dfe 246 9201 Krumpendorf am W\u00f6rthersee Austria Gesch\u00e4ftsf\u00fchrer: Mag. Gerhard Rabensteiner, DI Thomas Rabensteiner, Dr. Robin Hirschl und Dr. Christoph Glanzer E-Mail: office@kpv-solar.com Telefon: +43 (0) 463 \/ 218073 Firmenbuchgericht: Landesgericht Klagenfurt [&hellip;]<\/p>\n","protected":false},"author":2,"featured_media":0,"parent":0,"menu_order":0,"comment_status":"closed","ping_status":"closed","template":"","meta":{"_et_pb_use_builder":"on","_et_pb_old_content":"","_et_gb_content_width":"","footnotes":""},"class_list":["post-81","page","type-page","status-publish","hentry"],"_links":{"self":[{"href":"https:\/\/kpv-solar.com\/de\/wp-json\/wp\/v2\/pages\/81","targetHints":{"allow":["GET"]}}],"collection":[{"href":"https:\/\/kpv-solar.com\/de\/wp-json\/wp\/v2\/pages"}],"about":[{"href":"https:\/\/kpv-solar.com\/de\/wp-json\/wp\/v2\/types\/page"}],"author":[{"embeddable":true,"href":"https:\/\/kpv-solar.com\/de\/wp-json\/wp\/v2\/users\/2"}],"replies":[{"embeddable":true,"href":"https:\/\/kpv-solar.com\/de\/wp-json\/wp\/v2\/comments?post=81"}],"version-history":[{"count":23,"href":"https:\/\/kpv-solar.com\/de\/wp-json\/wp\/v2\/pages\/81\/revisions"}],"predecessor-version":[{"id":29344,"href":"https:\/\/kpv-solar.com\/de\/wp-json\/wp\/v2\/pages\/81\/revisions\/29344"}],"wp:attachment":[{"href":"https:\/\/kpv-solar.com\/de\/wp-json\/wp\/v2\/media?parent=81"}],"curies":[{"name":"wp","href":"https:\/\/api.w.org\/{rel}","templated":true}]}}