


{"id":94,"date":"2016-03-08T17:43:34","date_gmt":"2016-03-08T16:43:34","guid":{"rendered":"http:\/\/neu.pv-invest.com\/?page_id=94"},"modified":"2020-04-17T09:54:35","modified_gmt":"2020-04-17T07:54:35","slug":"das-unternehmen","status":"publish","type":"page","link":"https:\/\/kpv-solar.com\/de\/das-unternehmen\/","title":{"rendered":"Das Unternehmen"},"content":{"rendered":"<p>[et_pb_section fb_built=&#8220;1&#8243; fullwidth=&#8220;on&#8220; _builder_version=&#8220;3.22&#8243; background_color=&#8220;#ffffff&#8220;][et_pb_fullwidth_header title=&#8220;KPV SOLAR POWER | DAS UNTERNEHMEN&#8220; subhead=&#8220;WELTWEIT | VISION\u00c4R | ZUKUNFTSSICHER&#8220; text_orientation=&#8220;center&#8220; background_overlay_color=&#8220;rgba(0,0,0,0.2)&#8220; _builder_version=&#8220;4.4.3&#8243; title_font=&#8220;|||on|||||&#8220; title_text_align=&#8220;center&#8220; title_font_size=&#8220;60px&#8220; title_line_height=&#8220;1.5em&#8220; content_text_align=&#8220;center&#8220; subhead_text_align=&#8220;center&#8220; subhead_font_size=&#8220;24px&#8220; subhead_line_height=&#8220;1.7em&#8220; background_image=&#8220;\/wp-content\/uploads\/2016\/03\/Rooftop1_1600x1200-1.jpg&#8220; custom_padding=&#8220;10%||10%|&#8220; title_font_size_tablet=&#8220;40px&#8220; title_font_size_phone=&#8220;&#8220; title_font_size_last_edited=&#8220;on|tablet&#8220; subhead_font_size_tablet=&#8220;18px&#8220; subhead_font_size_phone=&#8220;&#8220; subhead_font_size_last_edited=&#8220;on|tablet&#8220; button_one_text_size__hover_enabled=&#8220;off&#8220; button_two_text_size__hover_enabled=&#8220;off&#8220; button_one_text_color__hover_enabled=&#8220;off&#8220; button_two_text_color__hover_enabled=&#8220;off&#8220; button_one_border_width__hover_enabled=&#8220;off&#8220; button_two_border_width__hover_enabled=&#8220;off&#8220; button_one_border_color__hover_enabled=&#8220;off&#8220; button_two_border_color__hover_enabled=&#8220;off&#8220; button_one_border_radius__hover_enabled=&#8220;off&#8220; button_two_border_radius__hover_enabled=&#8220;off&#8220; button_one_letter_spacing__hover_enabled=&#8220;off&#8220; button_two_letter_spacing__hover_enabled=&#8220;off&#8220; button_one_bg_color__hover_enabled=&#8220;off&#8220; button_two_bg_color__hover_enabled=&#8220;off&#8220;][\/et_pb_fullwidth_header][\/et_pb_section][et_pb_section fb_built=&#8220;1&#8243; admin_label=&#8220;section&#8220; _builder_version=&#8220;3.22&#8243;][et_pb_row column_structure=&#8220;3_4,1_4&#8243; _builder_version=&#8220;3.25&#8243; background_size=&#8220;initial&#8220; background_position=&#8220;top_left&#8220; background_repeat=&#8220;repeat&#8220;][et_pb_column type=&#8220;3_4&#8243; _builder_version=&#8220;3.25&#8243; custom_padding=&#8220;|||&#8220; custom_padding__hover=&#8220;|||&#8220;][et_pb_text _builder_version=&#8220;3.27.4&#8243; background_size=&#8220;initial&#8220; background_position=&#8220;top_left&#8220; background_repeat=&#8220;repeat&#8220; text_orientation=&#8220;justified&#8220; module_alignment=&#8220;justified&#8220; use_border_color=&#8220;off&#8220; border_color=&#8220;#ffffff&#8220; border_style=&#8220;solid&#8220;]Die KPV Solar GmbH ist eines der f\u00fchrenden \u00f6sterreichischen Solarunternehmen f\u00fcr die Planung und die Errichtung von gro\u00dfen Photovoltaik- (PV) und Solarthermie- (ST) Kraftwerken. KPV Solar plant und realisiert gro\u00dfe erneuerbare Kraftwerksprojekte f\u00fcr internationale Investoren unter anderem in \u00d6sterreich, Italien, Slowenien, Kroatien, Serbien, Tschechien, Bulgarien, Spanien und Kanada. Mithilfe unserer wesentlichsten Partnerunternehmen (der f\u00fchrende \u00f6sterreichische PV-Modulhersteller KIOTO, als auch der Weltmarktf\u00fchrer bei Solarthermiekollektoren, die Firma GREENoneTEC), welche aufgrund hochautomatisierter Fertigungslinien weitreichende Leistungsgarantien geben, liefern KPV Kraftwerke  signifikant h\u00f6here Ertr\u00e4ge als von unabh\u00e4ngigen Gutachtern errechnet.<br \/>\n[\/et_pb_text][\/et_pb_column][et_pb_column type=&#8220;1_4&#8243; _builder_version=&#8220;3.25&#8243; custom_padding=&#8220;|||&#8220; custom_padding__hover=&#8220;|||&#8220;][et_pb_image src=&#8220;\/wp-content\/uploads\/2016\/03\/Austria_795x524.jpg&#8220; align=&#8220;right&#8220; align_tablet=&#8220;center&#8220; align_phone=&#8220;&#8220; align_last_edited=&#8220;on|desktop&#8220; _builder_version=&#8220;4.4.3&#8243; max_width=&#8220;200px&#8220; use_border_color=&#8220;off&#8220; border_color=&#8220;#ffffff&#8220; border_style=&#8220;solid&#8220; animation=&#8220;off&#8220; sticky=&#8220;off&#8220; always_center_on_mobile=&#8220;on&#8220;][\/et_pb_image][\/et_pb_column][\/et_pb_row][\/et_pb_section][et_pb_section fb_built=&#8220;1&#8243; fullwidth=&#8220;on&#8220; admin_label=&#8220;Sektion&#8220; _builder_version=&#8220;3.22&#8243;][et_pb_fullwidth_header title=&#8220;UNSERE VISION&#8220; subhead=&#8220;DIE KRAFT DER SONNE&#8220; logo_image_url=&#8220;\/wp-content\/uploads\/2017\/10\/favicon_white_100.png&#8220; admin_label=&#8220;OUR VISION&#8220; _builder_version=&#8220;4.4.3&#8243; subhead_font_size=&#8220;20px&#8220; max_width_tablet=&#8220;50px&#8220; button_one_letter_spacing_hover=&#8220;0&#8243; button_two_letter_spacing_hover=&#8220;0&#8243; button_one_text_size__hover_enabled=&#8220;off&#8220; button_two_text_size__hover_enabled=&#8220;off&#8220; button_one_text_color__hover_enabled=&#8220;off&#8220; button_two_text_color__hover_enabled=&#8220;off&#8220; button_one_border_width__hover_enabled=&#8220;off&#8220; button_two_border_width__hover_enabled=&#8220;off&#8220; button_one_border_color__hover_enabled=&#8220;off&#8220; button_two_border_color__hover_enabled=&#8220;off&#8220; button_one_border_radius__hover_enabled=&#8220;off&#8220; button_two_border_radius__hover_enabled=&#8220;off&#8220; button_one_letter_spacing__hover_enabled=&#8220;on&#8220; button_one_letter_spacing__hover=&#8220;0&#8243; button_two_letter_spacing__hover_enabled=&#8220;on&#8220; button_two_letter_spacing__hover=&#8220;0&#8243; button_one_bg_color__hover_enabled=&#8220;off&#8220; button_two_bg_color__hover_enabled=&#8220;off&#8220;][\/et_pb_fullwidth_header][\/et_pb_section][et_pb_section fb_built=&#8220;1&#8243; _builder_version=&#8220;3.22&#8243;][et_pb_row column_structure=&#8220;1_2,1_2&#8243; _builder_version=&#8220;3.25&#8243; background_size=&#8220;initial&#8220; background_position=&#8220;top_left&#8220; background_repeat=&#8220;repeat&#8220;][et_pb_column type=&#8220;1_2&#8243; _builder_version=&#8220;3.25&#8243; custom_padding=&#8220;|||&#8220; custom_padding__hover=&#8220;|||&#8220;][et_pb_text _builder_version=&#8220;3.27.4&#8243; background_size=&#8220;initial&#8220; background_position=&#8220;top_left&#8220; background_repeat=&#8220;repeat&#8220; text_orientation=&#8220;justified&#8220; module_alignment=&#8220;justified&#8220; use_border_color=&#8220;off&#8220; border_color=&#8220;#ffffff&#8220; border_style=&#8220;solid&#8220;]Die Kraft der Sonne ist die Antwort auf die Frage unserer zuk\u00fcnftigen Energieversorgung. Emissionsfrei, unendlich verf\u00fcgbar und kostenlos \u2013 und mit heute verf\u00fcgbaren Technologien gefahrlos und kosteng\u00fcnstig in nutzbare Energie zu verwandeln! In diesem Kontext wollen wir mit der Errichtung leistungsf\u00e4higster Photovoltaik- und Solarthermiekraftwerke und mit den besten europ\u00e4ischen Komponenten einen wesentlichen Beitrag zur nachhaltigen Sicherung unserer zuk\u00fcnftigen Strom- und W\u00e4rmeversorgung leisten.<\/p>\n<p>KPV plant und errichtet schl\u00fcsselfertige PV und ST Kraftwerke. Dabei arbeitet KPV mit weltweit f\u00fchrenden Herstellern und Dienstleistern zusammen. In den vergangenen Jahren hat KPV eine gro\u00dfe Anzahl an PV und ST Anlagen ans Netz gebracht. Auf Grund von h\u00f6chster Komponenten- und Planungs-Qualit\u00e4t k\u00f6nnen wir besonders weitreichende Garantien f\u00fcr Funktion und Ertrag unserer Anlagen abgeben.<br \/>\n[\/et_pb_text][\/et_pb_column][et_pb_column type=&#8220;1_2&#8243; _builder_version=&#8220;3.25&#8243; custom_padding=&#8220;|||&#8220; custom_padding__hover=&#8220;|||&#8220;][et_pb_image src=&#8220;\/wp-content\/uploads\/2016\/03\/PowerPlant_1600x1067.jpg&#8220; align_tablet=&#8220;center&#8220; align_phone=&#8220;&#8220; align_last_edited=&#8220;on|desktop&#8220; _builder_version=&#8220;4.4.3&#8243; use_border_color=&#8220;off&#8220; border_color=&#8220;#ffffff&#8220; border_style=&#8220;solid&#8220; animation=&#8220;off&#8220; sticky=&#8220;off&#8220; always_center_on_mobile=&#8220;on&#8220;][\/et_pb_image][\/et_pb_column][\/et_pb_row][\/et_pb_section][et_pb_section fb_built=&#8220;1&#8243; fullwidth=&#8220;on&#8220; admin_label=&#8220;Sektion&#8220; _builder_version=&#8220;3.22&#8243;][et_pb_fullwidth_header title=&#8220;UNSERE MISSION&#8220; subhead=&#8220;WIR GARANTIEREN MEHR ERTRAG UND  SICHERHEIT F\u00dcR IHRE INVESTITION&#8220; logo_image_url=&#8220;\/wp-content\/uploads\/2017\/10\/favicon_white_100.png&#8220; admin_label=&#8220;OUR MISSION&#8220; _builder_version=&#8220;4.4.3&#8243; subhead_font_size=&#8220;20px&#8220; max_width_tablet=&#8220;50px&#8220; button_one_letter_spacing_hover=&#8220;0&#8243; button_two_letter_spacing_hover=&#8220;0&#8243; button_one_text_size__hover_enabled=&#8220;off&#8220; button_two_text_size__hover_enabled=&#8220;off&#8220; button_one_text_color__hover_enabled=&#8220;off&#8220; button_two_text_color__hover_enabled=&#8220;off&#8220; button_one_border_width__hover_enabled=&#8220;off&#8220; button_two_border_width__hover_enabled=&#8220;off&#8220; button_one_border_color__hover_enabled=&#8220;off&#8220; button_two_border_color__hover_enabled=&#8220;off&#8220; button_one_border_radius__hover_enabled=&#8220;off&#8220; button_two_border_radius__hover_enabled=&#8220;off&#8220; button_one_letter_spacing__hover_enabled=&#8220;on&#8220; button_one_letter_spacing__hover=&#8220;0&#8243; button_two_letter_spacing__hover_enabled=&#8220;on&#8220; button_two_letter_spacing__hover=&#8220;0&#8243; button_one_bg_color__hover_enabled=&#8220;off&#8220; button_two_bg_color__hover_enabled=&#8220;off&#8220;][\/et_pb_fullwidth_header][\/et_pb_section][et_pb_section fb_built=&#8220;1&#8243; _builder_version=&#8220;3.22&#8243;][et_pb_row column_structure=&#8220;1_2,1_2&#8243; _builder_version=&#8220;3.25&#8243; background_size=&#8220;initial&#8220; background_position=&#8220;top_left&#8220; background_repeat=&#8220;repeat&#8220;][et_pb_column type=&#8220;1_2&#8243; _builder_version=&#8220;3.25&#8243; custom_padding=&#8220;|||&#8220; custom_padding__hover=&#8220;|||&#8220;][et_pb_text _builder_version=&#8220;3.27.4&#8243; background_size=&#8220;initial&#8220; background_position=&#8220;top_left&#8220; background_repeat=&#8220;repeat&#8220; text_orientation=&#8220;justified&#8220; module_alignment=&#8220;left&#8220; use_border_color=&#8220;off&#8220;]<\/p>\n<h3>GELD-ZUR\u00dcCK-GARANTIE<\/h3>\n<p>[\/et_pb_text][et_pb_divider color=&#8220;#8fbf1f&#8220; admin_label=&#8220;Divider Line&#8220; _builder_version=&#8220;4.4.3&#8243; max_width=&#8220;25%&#8220; height=&#8220;0px&#8220; hover_enabled=&#8220;0&#8243; saved_tabs=&#8220;all&#8220;][\/et_pb_divider][et_pb_text _builder_version=&#8220;3.27.4&#8243; background_size=&#8220;initial&#8220; background_position=&#8220;top_left&#8220; background_repeat=&#8220;repeat&#8220; text_orientation=&#8220;justified&#8220; module_alignment=&#8220;left&#8220; use_border_color=&#8220;off&#8220;]KPV garantiert den Ertrag des PV oder ST Kraftwerkes. Der durch unabh\u00e4ngige Experten errechnete Ertrag der Anlage wird von KPV Solar mit der einzigartigen Geld-zur\u00fcck-Garantie abgesichert.<\/p>\n<p><span class=\"arrow_carrot-right_alt2 \" style=\"color: #153c89\"><\/span> Planungssicherheit<\/p>\n<p><span class=\"arrow_carrot-right_alt2 \" style=\"color: #153c89\"><\/span> Reduziertes Risiko f\u00fcr Banken<\/p>\n<p><span class=\"arrow_carrot-right_alt2 \" style=\"color: #153c89\"><\/span> Exakte Kalkulation f\u00fcr Investoren<br \/>\n[\/et_pb_text][et_pb_divider show_divider=&#8220;off&#8220; _builder_version=&#8220;3.2&#8243; height=&#8220;80px&#8220;][\/et_pb_divider][et_pb_text _builder_version=&#8220;3.27.4&#8243; background_size=&#8220;initial&#8220; background_position=&#8220;top_left&#8220; background_repeat=&#8220;repeat&#8220; text_orientation=&#8220;justified&#8220; module_alignment=&#8220;left&#8220; use_border_color=&#8220;off&#8220;]<\/p>\n<h3>PROFESSIONELLE PROJEKT-REALISIERUNG<\/h3>\n<p>[\/et_pb_text][et_pb_divider color=&#8220;#8fbf1f&#8220; admin_label=&#8220;Divider Line&#8220; _builder_version=&#8220;4.4.3&#8243; max_width=&#8220;25%&#8220; height=&#8220;0px&#8220; hover_enabled=&#8220;0&#8243; saved_tabs=&#8220;all&#8220;][\/et_pb_divider][et_pb_text _builder_version=&#8220;3.27.4&#8243; background_size=&#8220;initial&#8220; background_position=&#8220;top_left&#8220; background_repeat=&#8220;repeat&#8220; text_orientation=&#8220;justified&#8220; module_alignment=&#8220;left&#8220; use_border_color=&#8220;off&#8220;]KPV\u00b4s erfahrene Projektmanager stellen sicher, dass die Ausf\u00fchrung aller Arbeiten nicht nur dem Stand der Technik entspricht, sondern auch hinsichtlich der Rendite des Investors optimiert ist. Dabei wird vor allem auf zuverl\u00e4ssige Qualit\u00e4tskomponenten und Systeme Wert gelegt.<\/p>\n<p><span class=\"arrow_carrot-right_alt2 \" style=\"color: #153c89\"><\/span> Verwendung bester Komponenten<\/p>\n<p><span class=\"arrow_carrot-right_alt2 \" style=\"color: #153c89\"><\/span> Optimiertes Anlagendesign<\/p>\n<p><span class=\"arrow_carrot-right_alt2 \" style=\"color: #153c89\"><\/span> Erfahrene Projekt-Teams<\/p>\n<p><span class=\"arrow_carrot-right_alt2 \" style=\"color: #153c89\"><\/span> H\u00f6herer Ertrag<br \/>\n[\/et_pb_text][\/et_pb_column][et_pb_column type=&#8220;1_2&#8243; _builder_version=&#8220;3.25&#8243; custom_padding=&#8220;|||&#8220; custom_padding__hover=&#8220;|||&#8220;][et_pb_image src=&#8220;\/wp-content\/uploads\/2016\/03\/KPV_Expertise_1742x1719.jpg&#8220; align_tablet=&#8220;center&#8220; align_phone=&#8220;&#8220; align_last_edited=&#8220;on|desktop&#8220; _builder_version=&#8220;4.4.3&#8243; border_style=&#8220;solid&#8220; animation=&#8220;off&#8220; sticky=&#8220;off&#8220; always_center_on_mobile=&#8220;on&#8220;][\/et_pb_image][\/et_pb_column][\/et_pb_row][\/et_pb_section]<\/p>\n","protected":false},"excerpt":{"rendered":"<p>Die KPV Solar GmbH ist eines der f\u00fchrenden \u00f6sterreichischen Solarunternehmen f\u00fcr die Planung und die Errichtung von gro\u00dfen Photovoltaik- (PV) und Solarthermie- (ST) Kraftwerken. KPV Solar plant und realisiert gro\u00dfe erneuerbare Kraftwerksprojekte f\u00fcr internationale Investoren unter anderem in \u00d6sterreich, Italien, Slowenien, Kroatien, Serbien, Tschechien, Bulgarien, Spanien und Kanada. Mithilfe unserer wesentlichsten Partnerunternehmen (der f\u00fchrende \u00f6sterreichische [&hellip;]<\/p>\n","protected":false},"author":2,"featured_media":0,"parent":0,"menu_order":0,"comment_status":"closed","ping_status":"closed","template":"","meta":{"_et_pb_use_builder":"on","_et_pb_old_content":"","_et_gb_content_width":"","footnotes":""},"class_list":["post-94","page","type-page","status-publish","hentry"],"_links":{"self":[{"href":"https:\/\/kpv-solar.com\/de\/wp-json\/wp\/v2\/pages\/94","targetHints":{"allow":["GET"]}}],"collection":[{"href":"https:\/\/kpv-solar.com\/de\/wp-json\/wp\/v2\/pages"}],"about":[{"href":"https:\/\/kpv-solar.com\/de\/wp-json\/wp\/v2\/types\/page"}],"author":[{"embeddable":true,"href":"https:\/\/kpv-solar.com\/de\/wp-json\/wp\/v2\/users\/2"}],"replies":[{"embeddable":true,"href":"https:\/\/kpv-solar.com\/de\/wp-json\/wp\/v2\/comments?post=94"}],"version-history":[{"count":29,"href":"https:\/\/kpv-solar.com\/de\/wp-json\/wp\/v2\/pages\/94\/revisions"}],"predecessor-version":[{"id":3143,"href":"https:\/\/kpv-solar.com\/de\/wp-json\/wp\/v2\/pages\/94\/revisions\/3143"}],"wp:attachment":[{"href":"https:\/\/kpv-solar.com\/de\/wp-json\/wp\/v2\/media?parent=94"}],"curies":[{"name":"wp","href":"https:\/\/api.w.org\/{rel}","templated":true}]}}